{"id":140,"date":"2023-07-20T23:59:11","date_gmt":"2023-07-20T23:59:11","guid":{"rendered":"https:\/\/ving.com.mx\/?page_id=140"},"modified":"2023-08-11T19:22:19","modified_gmt":"2023-08-11T19:22:19","slug":"soluciones-de-linea","status":"publish","type":"page","link":"https:\/\/ving.com.mx\/index.php\/soluciones-de-linea\/","title":{"rendered":"SOLUCIONES DE L\u00cdNEA"},"content":{"rendered":"<div role=\"form\" class=\"wpcf7\" id=\"wpcf7-f422-p422-o1\" lang=\"es-MX\" dir=\"ltr\"><div><div class=\"wpcf7-form\"><div class=\"fit-the-fullspace\"><div><div class=\"screen-reader-response\"><p role=\"status\" aria-live=\"polite\" aria-atomic=\"true\"><\/p> <ul><\/ul><\/div><form action=\"\/index.php\/wp-json\/wp\/v2\/pages\/140#wpcf7-f422-p422-o1\" method=\"post\" class=\"wpcf7-form init\" enctype=\"\" autocomplete=\"autocomplete\" novalidate=\"novalidate\" data-status=\"init\" locale=\"es_MX\"><div style=\"display: block;\"><input type=\"hidden\" name=\"_wpcf7\" value=\"422\" \/>\n<input type=\"hidden\" name=\"_wpcf7_version\" value=\"5.8\" \/>\n<input type=\"hidden\" name=\"_wpcf7_locale\" value=\"es_MX\" \/>\n<input type=\"hidden\" name=\"_wpcf7_unit_tag\" value=\"wpcf7-f422-p422-o1\" \/>\n<input type=\"hidden\" name=\"_wpcf7_posted_data_hash\" value=\"\" \/>\n<input type=\"hidden\" name=\"_wpcf7_fit-the-fullspace\" value=\"\" \/>\n<\/div><p><label> Tu nombre<br \/>\n<span class=\"wpcf7-form-control-wrap\" data-name=\"your-name\"><input size=\"40\" class=\"wpcf7-form-control wpcf7-text wpcf7-validates-as-required\" autocomplete=\"name\" aria-required=\"true\" aria-invalid=\"false\" value=\"\" type=\"text\" name=\"your-name\" \/><\/span> <\/label>\n<\/p>\n<p><label> Tu correo electr\u00f3nico<br \/>\n<span class=\"wpcf7-form-control-wrap\" data-name=\"your-email\"><input size=\"40\" class=\"wpcf7-form-control wpcf7-email wpcf7-validates-as-required wpcf7-text wpcf7-validates-as-email\" autocomplete=\"email\" aria-required=\"true\" aria-invalid=\"false\" value=\"\" type=\"email\" name=\"your-email\" \/><\/span> <\/label>\n<\/p>\n<p><label> Asunto<br \/>\n<span class=\"wpcf7-form-control-wrap\" data-name=\"your-subject\"><input size=\"40\" class=\"wpcf7-form-control wpcf7-text wpcf7-validates-as-required\" aria-required=\"true\" aria-invalid=\"false\" value=\"\" type=\"text\" name=\"your-subject\" \/><\/span> <\/label>\n<\/p>\n<p><label> Tu mensaje (opcional)<br \/>\n<span class=\"wpcf7-form-control-wrap\" data-name=\"your-message\"><textarea cols=\"40\" rows=\"10\" class=\"wpcf7-form-control wpcf7-textarea\" aria-invalid=\"false\" name=\"your-message\"><\/textarea><\/span> <\/label>\n<\/p>\n<p><input class=\"wpcf7-form-control wpcf7-submit has-spinner\" type=\"submit\" value=\"Enviar\" \/>\n<\/p><div class=\"wpcf7-response-output\" aria-hidden=\"true\"><\/div><\/form><\/div><\/div><\/div><\/div><\/div>\n<div class=\"wp-block-columns is-layout-flex wp-container-4\">\n<div class=\"wp-block-column is-layout-flow\"><div class=\"wp-block-image\">\n<figure class=\"aligncenter size-full\"><img decoding=\"async\" loading=\"lazy\" width=\"259\" height=\"286\" src=\"https:\/\/ving.com.mx\/wp-content\/uploads\/2023\/08\/PANEL-de-Linea-VA.png\" alt=\"\" class=\"wp-image-375\"\/><figcaption class=\"wp-element-caption\"><strong>PANEL L\u00cdNEA VA<\/strong><\/figcaption><\/figure><\/div><\/div>\n\n\n\n<div class=\"wp-block-column is-layout-flow\"><div class=\"wp-block-image\">\n<figure class=\"aligncenter size-full is-resized\"><img decoding=\"async\" loading=\"lazy\" src=\"https:\/\/ving.com.mx\/wp-content\/uploads\/2023\/08\/PANEL-de-Linea-VC-1.png\" alt=\"\" class=\"wp-image-376\" width=\"256\" height=\"281\"\/><figcaption class=\"wp-element-caption\"><strong>PANEL L\u00cdNEA VC<\/strong><\/figcaption><\/figure><\/div><\/div>\n\n\n\n<div class=\"wp-block-column is-layout-flow\"><div class=\"wp-block-image\">\n<figure class=\"aligncenter size-full\"><img decoding=\"async\" loading=\"lazy\" width=\"261\" height=\"287\" src=\"https:\/\/ving.com.mx\/wp-content\/uploads\/2023\/08\/PANEL-de-Linea-VD.png\" alt=\"\" class=\"wp-image-377\"\/><figcaption class=\"wp-element-caption\"><strong>PANEL L\u00cdNEA VD<\/strong><\/figcaption><\/figure><\/div><\/div>\n<\/div>\n\n\n\n<figure class=\"wp-block-table\"><table><tbody><tr><td class=\"has-text-align-center\" data-align=\"center\"><strong><mark style=\"background-color:rgba(0, 0, 0, 0)\" class=\"has-inline-color has-black-color\">L\u00cdNEA<\/mark><\/strong><\/td><td class=\"has-text-align-center\" data-align=\"center\"><strong>SOLUCIONES<\/strong><\/td><\/tr><tr><td class=\"has-text-align-center\" data-align=\"center\"><strong><mark style=\"background-color:rgba(0, 0, 0, 0)\" class=\"has-inline-color has-black-color\">VA<\/mark><\/strong><\/td><td class=\"has-text-align-center\" data-align=\"center\">CONTROLES DE COMPRESI\u00d3N (AIRE, AMONIACO)<\/td><\/tr><tr><td class=\"has-text-align-center\" data-align=\"center\"><strong><mark style=\"background-color:rgba(0, 0, 0, 0)\" class=\"has-inline-color has-black-color\">VB<\/mark><\/strong><\/td><td class=\"has-text-align-center\" data-align=\"center\">CONTROLES DE VISI\u00d3N (DETECCI\u00d3N DE DEFECTOS, MEDICI\u00d3N DE PIEZAS)<\/td><\/tr><tr><td class=\"has-text-align-center\" data-align=\"center\"><strong>VC<\/strong><\/td><td class=\"has-text-align-center\" data-align=\"center\">CONTROLES DE COMBUSTI\u00d3N (CALDERAS, HORNOS)<\/td><\/tr><tr><td class=\"has-text-align-center\" data-align=\"center\"><strong>VD<\/strong><\/td><td class=\"has-text-align-center\" data-align=\"center\">CONTROLES DE DESPLAZAMIENTO, DOSIFICACI\u00d3N Y BOMBEO (BANDAS TRANSPORTADORAS, GUSANOS)<\/td><\/tr><tr><td class=\"has-text-align-center\" data-align=\"center\"><strong><mark style=\"background-color:rgba(0, 0, 0, 0)\" class=\"has-inline-color has-black-color\">VF<\/mark><\/strong><\/td><td class=\"has-text-align-center\" data-align=\"center\">CONTROLES DE REFRIGERACI\u00d3N (CHILLERS, PRESIONES, HVAC)<\/td><\/tr><tr><td class=\"has-text-align-center\" data-align=\"center\"><strong><mark style=\"background-color:rgba(0, 0, 0, 0)\" class=\"has-inline-color has-black-color\">VG<\/mark><\/strong><\/td><td class=\"has-text-align-center\" data-align=\"center\">CONTROLES GEN\u00c9RICOS UNILAZO (TEMPERATURAS, PRESIONES, NIVELES)<\/td><\/tr><tr><td class=\"has-text-align-center\" data-align=\"center\"><strong>VI<\/strong><\/td><td class=\"has-text-align-center\" data-align=\"center\">CONTROLES DE INVERNADEROS E INCENDIO (RIEGO, MITIGACI\u00d3N DE FUEGO)<\/td><\/tr><tr><td class=\"has-text-align-center\" data-align=\"center\"><strong>VM<\/strong><\/td><td class=\"has-text-align-center\" data-align=\"center\">CONTROLES DE MOVIMIENTO (CONTROL ROB\u00d3TICO DE ALTA PRECISI\u00d3N, M\u00daLTIPLES APLICACIONES)<\/td><\/tr><tr><td class=\"has-text-align-center\" data-align=\"center\"><strong><mark style=\"background-color:rgba(0, 0, 0, 0)\" class=\"has-inline-color has-black-color\">VP<\/mark><\/strong><\/td><td class=\"has-text-align-center\" data-align=\"center\">CONTROLES DE POTENCIA (VFD&#8217;S ARRANQUE Y PARO DE MOTORES)<\/td><\/tr><\/tbody><\/table><\/figure>\n","protected":false},"excerpt":{"rendered":"<p>Tu nombre Tu correo electr\u00f3nico Asunto Tu mensaje (opcional) L\u00cdNEA SOLUCIONES VA CONTROLES DE COMPRESI\u00d3N (AIRE, AMONIACO) VB CONTROLES DE VISI\u00d3N (DETECCI\u00d3N DE DEFECTOS, MEDICI\u00d3N DE PIEZAS) VC CONTROLES DE COMBUSTI\u00d3N (CALDERAS, HORNOS) VD CONTROLES DE DESPLAZAMIENTO, DOSIFICACI\u00d3N Y BOMBEO (BANDAS TRANSPORTADORAS, GUSANOS) VF CONTROLES DE REFRIGERACI\u00d3N (CHILLERS, PRESIONES, HVAC) VG CONTROLES GEN\u00c9RICOS UNILAZO (TEMPERATURAS, [&hellip;]<\/p>\n","protected":false},"author":1,"featured_media":0,"parent":0,"menu_order":0,"comment_status":"closed","ping_status":"closed","template":"","meta":[],"yoast_head":"<!-- This site is optimized with the Yoast SEO plugin v21.5 - https:\/\/yoast.com\/wordpress\/plugins\/seo\/ -->\n<title>SOLUCIONES DE L\u00cdNEA - VING Innovaci\u00f3n<\/title>\n<meta name=\"robots\" content=\"index, follow, max-snippet:-1, max-image-preview:large, max-video-preview:-1\" \/>\n<link rel=\"canonical\" href=\"https:\/\/ving.com.mx\/index.php\/soluciones-de-linea\/\" \/>\n<meta property=\"og:locale\" content=\"es_MX\" \/>\n<meta property=\"og:type\" content=\"article\" \/>\n<meta property=\"og:title\" content=\"SOLUCIONES DE L\u00cdNEA - VING Innovaci\u00f3n\" \/>\n<meta property=\"og:description\" content=\"Tu nombre Tu correo electr\u00f3nico Asunto Tu mensaje (opcional) L\u00cdNEA SOLUCIONES VA CONTROLES DE COMPRESI\u00d3N (AIRE, AMONIACO) VB CONTROLES DE VISI\u00d3N (DETECCI\u00d3N DE DEFECTOS, MEDICI\u00d3N DE PIEZAS) VC CONTROLES DE COMBUSTI\u00d3N (CALDERAS, HORNOS) VD CONTROLES DE DESPLAZAMIENTO, DOSIFICACI\u00d3N Y BOMBEO (BANDAS TRANSPORTADORAS, GUSANOS) VF CONTROLES DE REFRIGERACI\u00d3N (CHILLERS, PRESIONES, HVAC) VG CONTROLES GEN\u00c9RICOS UNILAZO (TEMPERATURAS, [&hellip;]\" \/>\n<meta property=\"og:url\" content=\"https:\/\/ving.com.mx\/index.php\/soluciones-de-linea\/\" \/>\n<meta property=\"og:site_name\" content=\"VING Innovaci\u00f3n\" \/>\n<meta property=\"article:modified_time\" content=\"2023-08-11T19:22:19+00:00\" \/>\n<meta property=\"og:image\" content=\"https:\/\/ving.com.mx\/wp-content\/uploads\/2023\/08\/PANEL-de-Linea-VA.png\" \/>\n<meta name=\"twitter:card\" content=\"summary_large_image\" \/>\n<script type=\"application\/ld+json\" class=\"yoast-schema-graph\">{\"@context\":\"https:\/\/schema.org\",\"@graph\":[{\"@type\":\"WebPage\",\"@id\":\"https:\/\/ving.com.mx\/index.php\/soluciones-de-linea\/\",\"url\":\"https:\/\/ving.com.mx\/index.php\/soluciones-de-linea\/\",\"name\":\"SOLUCIONES DE L\u00cdNEA - VING Innovaci\u00f3n\",\"isPartOf\":{\"@id\":\"https:\/\/ving.com.mx\/#website\"},\"datePublished\":\"2023-07-20T23:59:11+00:00\",\"dateModified\":\"2023-08-11T19:22:19+00:00\",\"breadcrumb\":{\"@id\":\"https:\/\/ving.com.mx\/index.php\/soluciones-de-linea\/#breadcrumb\"},\"inLanguage\":\"es-MX\",\"potentialAction\":[{\"@type\":\"ReadAction\",\"target\":[\"https:\/\/ving.com.mx\/index.php\/soluciones-de-linea\/\"]}]},{\"@type\":\"BreadcrumbList\",\"@id\":\"https:\/\/ving.com.mx\/index.php\/soluciones-de-linea\/#breadcrumb\",\"itemListElement\":[{\"@type\":\"ListItem\",\"position\":1,\"name\":\"Inicio\",\"item\":\"https:\/\/ving.com.mx\/\"},{\"@type\":\"ListItem\",\"position\":2,\"name\":\"SOLUCIONES DE L\u00cdNEA\"}]},{\"@type\":\"WebSite\",\"@id\":\"https:\/\/ving.com.mx\/#website\",\"url\":\"https:\/\/ving.com.mx\/\",\"name\":\"VING Innovaci\u00f3n\",\"description\":\"\",\"publisher\":{\"@id\":\"https:\/\/ving.com.mx\/#organization\"},\"potentialAction\":[{\"@type\":\"SearchAction\",\"target\":{\"@type\":\"EntryPoint\",\"urlTemplate\":\"https:\/\/ving.com.mx\/?s={search_term_string}\"},\"query-input\":\"required name=search_term_string\"}],\"inLanguage\":\"es-MX\"},{\"@type\":\"Organization\",\"@id\":\"https:\/\/ving.com.mx\/#organization\",\"name\":\"VING Innovaci\u00f3n\",\"url\":\"https:\/\/ving.com.mx\/\",\"logo\":{\"@type\":\"ImageObject\",\"inLanguage\":\"es-MX\",\"@id\":\"https:\/\/ving.com.mx\/#\/schema\/logo\/image\/\",\"url\":\"https:\/\/ving.com.mx\/wp-content\/uploads\/2023\/07\/cropped-VING-LOGO-BLANCO.jpg\",\"contentUrl\":\"https:\/\/ving.com.mx\/wp-content\/uploads\/2023\/07\/cropped-VING-LOGO-BLANCO.jpg\",\"width\":355,\"height\":185,\"caption\":\"VING Innovaci\u00f3n\"},\"image\":{\"@id\":\"https:\/\/ving.com.mx\/#\/schema\/logo\/image\/\"}}]}<\/script>\n<!-- \/ Yoast SEO plugin. -->","yoast_head_json":{"title":"SOLUCIONES DE L\u00cdNEA - VING Innovaci\u00f3n","robots":{"index":"index","follow":"follow","max-snippet":"max-snippet:-1","max-image-preview":"max-image-preview:large","max-video-preview":"max-video-preview:-1"},"canonical":"https:\/\/ving.com.mx\/index.php\/soluciones-de-linea\/","og_locale":"es_MX","og_type":"article","og_title":"SOLUCIONES DE L\u00cdNEA - VING Innovaci\u00f3n","og_description":"Tu nombre Tu correo electr\u00f3nico Asunto Tu mensaje (opcional) L\u00cdNEA SOLUCIONES VA CONTROLES DE COMPRESI\u00d3N (AIRE, AMONIACO) VB CONTROLES DE VISI\u00d3N (DETECCI\u00d3N DE DEFECTOS, MEDICI\u00d3N DE PIEZAS) VC CONTROLES DE COMBUSTI\u00d3N (CALDERAS, HORNOS) VD CONTROLES DE DESPLAZAMIENTO, DOSIFICACI\u00d3N Y BOMBEO (BANDAS TRANSPORTADORAS, GUSANOS) VF CONTROLES DE REFRIGERACI\u00d3N (CHILLERS, PRESIONES, HVAC) VG CONTROLES GEN\u00c9RICOS UNILAZO (TEMPERATURAS, [&hellip;]","og_url":"https:\/\/ving.com.mx\/index.php\/soluciones-de-linea\/","og_site_name":"VING Innovaci\u00f3n","article_modified_time":"2023-08-11T19:22:19+00:00","og_image":[{"url":"https:\/\/ving.com.mx\/wp-content\/uploads\/2023\/08\/PANEL-de-Linea-VA.png"}],"twitter_card":"summary_large_image","schema":{"@context":"https:\/\/schema.org","@graph":[{"@type":"WebPage","@id":"https:\/\/ving.com.mx\/index.php\/soluciones-de-linea\/","url":"https:\/\/ving.com.mx\/index.php\/soluciones-de-linea\/","name":"SOLUCIONES DE L\u00cdNEA - VING Innovaci\u00f3n","isPartOf":{"@id":"https:\/\/ving.com.mx\/#website"},"datePublished":"2023-07-20T23:59:11+00:00","dateModified":"2023-08-11T19:22:19+00:00","breadcrumb":{"@id":"https:\/\/ving.com.mx\/index.php\/soluciones-de-linea\/#breadcrumb"},"inLanguage":"es-MX","potentialAction":[{"@type":"ReadAction","target":["https:\/\/ving.com.mx\/index.php\/soluciones-de-linea\/"]}]},{"@type":"BreadcrumbList","@id":"https:\/\/ving.com.mx\/index.php\/soluciones-de-linea\/#breadcrumb","itemListElement":[{"@type":"ListItem","position":1,"name":"Inicio","item":"https:\/\/ving.com.mx\/"},{"@type":"ListItem","position":2,"name":"SOLUCIONES DE L\u00cdNEA"}]},{"@type":"WebSite","@id":"https:\/\/ving.com.mx\/#website","url":"https:\/\/ving.com.mx\/","name":"VING Innovaci\u00f3n","description":"","publisher":{"@id":"https:\/\/ving.com.mx\/#organization"},"potentialAction":[{"@type":"SearchAction","target":{"@type":"EntryPoint","urlTemplate":"https:\/\/ving.com.mx\/?s={search_term_string}"},"query-input":"required name=search_term_string"}],"inLanguage":"es-MX"},{"@type":"Organization","@id":"https:\/\/ving.com.mx\/#organization","name":"VING Innovaci\u00f3n","url":"https:\/\/ving.com.mx\/","logo":{"@type":"ImageObject","inLanguage":"es-MX","@id":"https:\/\/ving.com.mx\/#\/schema\/logo\/image\/","url":"https:\/\/ving.com.mx\/wp-content\/uploads\/2023\/07\/cropped-VING-LOGO-BLANCO.jpg","contentUrl":"https:\/\/ving.com.mx\/wp-content\/uploads\/2023\/07\/cropped-VING-LOGO-BLANCO.jpg","width":355,"height":185,"caption":"VING Innovaci\u00f3n"},"image":{"@id":"https:\/\/ving.com.mx\/#\/schema\/logo\/image\/"}}]}},"_links":{"self":[{"href":"https:\/\/ving.com.mx\/index.php\/wp-json\/wp\/v2\/pages\/140"}],"collection":[{"href":"https:\/\/ving.com.mx\/index.php\/wp-json\/wp\/v2\/pages"}],"about":[{"href":"https:\/\/ving.com.mx\/index.php\/wp-json\/wp\/v2\/types\/page"}],"author":[{"embeddable":true,"href":"https:\/\/ving.com.mx\/index.php\/wp-json\/wp\/v2\/users\/1"}],"replies":[{"embeddable":true,"href":"https:\/\/ving.com.mx\/index.php\/wp-json\/wp\/v2\/comments?post=140"}],"version-history":[{"count":13,"href":"https:\/\/ving.com.mx\/index.php\/wp-json\/wp\/v2\/pages\/140\/revisions"}],"predecessor-version":[{"id":420,"href":"https:\/\/ving.com.mx\/index.php\/wp-json\/wp\/v2\/pages\/140\/revisions\/420"}],"wp:attachment":[{"href":"https:\/\/ving.com.mx\/index.php\/wp-json\/wp\/v2\/media?parent=140"}],"curies":[{"name":"wp","href":"https:\/\/api.w.org\/{rel}","templated":true}]}}