{"id":160,"date":"2023-07-21T19:49:21","date_gmt":"2023-07-21T19:49:21","guid":{"rendered":"https:\/\/ving.com.mx\/?page_id=160"},"modified":"2023-08-09T15:45:56","modified_gmt":"2023-08-09T15:45:56","slug":"por-que-trabajar-con-nosotros","status":"publish","type":"page","link":"https:\/\/ving.com.mx\/index.php\/por-que-trabajar-con-nosotros\/","title":{"rendered":"\u00bfPOR QU\u00c9 TRABAJAR CON NOSOTROS?"},"content":{"rendered":"<div role=\"form\" class=\"wpcf7\" id=\"wpcf7-f422-p422-o1\" lang=\"es-MX\" dir=\"ltr\"><div><div class=\"wpcf7-form\"><div class=\"fit-the-fullspace\"><div><div class=\"screen-reader-response\"><p role=\"status\" aria-live=\"polite\" aria-atomic=\"true\"><\/p> <ul><\/ul><\/div><form action=\"\/index.php\/wp-json\/wp\/v2\/pages\/160#wpcf7-f422-p422-o1\" method=\"post\" class=\"wpcf7-form init\" enctype=\"\" autocomplete=\"autocomplete\" novalidate=\"novalidate\" data-status=\"init\" locale=\"es_MX\"><div style=\"display: block;\"><input type=\"hidden\" name=\"_wpcf7\" value=\"422\" \/>\n<input type=\"hidden\" name=\"_wpcf7_version\" value=\"5.8\" \/>\n<input type=\"hidden\" name=\"_wpcf7_locale\" value=\"es_MX\" \/>\n<input type=\"hidden\" name=\"_wpcf7_unit_tag\" value=\"wpcf7-f422-p422-o1\" \/>\n<input type=\"hidden\" name=\"_wpcf7_posted_data_hash\" value=\"\" \/>\n<input type=\"hidden\" name=\"_wpcf7_fit-the-fullspace\" value=\"\" \/>\n<\/div><p><label> Tu nombre<br \/>\n<span class=\"wpcf7-form-control-wrap\" data-name=\"your-name\"><input size=\"40\" class=\"wpcf7-form-control wpcf7-text wpcf7-validates-as-required\" autocomplete=\"name\" aria-required=\"true\" aria-invalid=\"false\" value=\"\" type=\"text\" name=\"your-name\" \/><\/span> <\/label>\n<\/p>\n<p><label> Tu correo electr\u00f3nico<br \/>\n<span class=\"wpcf7-form-control-wrap\" data-name=\"your-email\"><input size=\"40\" class=\"wpcf7-form-control wpcf7-email wpcf7-validates-as-required wpcf7-text wpcf7-validates-as-email\" autocomplete=\"email\" aria-required=\"true\" aria-invalid=\"false\" value=\"\" type=\"email\" name=\"your-email\" \/><\/span> <\/label>\n<\/p>\n<p><label> Asunto<br \/>\n<span class=\"wpcf7-form-control-wrap\" data-name=\"your-subject\"><input size=\"40\" class=\"wpcf7-form-control wpcf7-text wpcf7-validates-as-required\" aria-required=\"true\" aria-invalid=\"false\" value=\"\" type=\"text\" name=\"your-subject\" \/><\/span> <\/label>\n<\/p>\n<p><label> Tu mensaje (opcional)<br \/>\n<span class=\"wpcf7-form-control-wrap\" data-name=\"your-message\"><textarea cols=\"40\" rows=\"10\" class=\"wpcf7-form-control wpcf7-textarea\" aria-invalid=\"false\" name=\"your-message\"><\/textarea><\/span> <\/label>\n<\/p>\n<p><input class=\"wpcf7-form-control wpcf7-submit has-spinner\" type=\"submit\" value=\"Enviar\" \/>\n<\/p><div class=\"wpcf7-response-output\" aria-hidden=\"true\"><\/div><\/form><\/div><\/div><\/div><\/div><\/div>\n<p class=\"has-text-align-center\"><strong>MAS DE 40 A\u00d1OS DE EXPERIENCIA EN EL RAMO DEL CONTROL NOS RESPALDAN<\/strong>.<\/p>\n\n\n\n<ul>\n<li>Presencia nacional e internacional en proyectos exitosos (USA, Panam\u00e1, Arabia Saudita, Indonesia, etc.).<\/li>\n\n\n\n<li>Modelos de soluciones puntuales y \u00f3ptimas para mejorar su eficiencia y productividad.<\/li>\n\n\n\n<li>Demos de nuestras soluciones en t\u00fa planta.<\/li>\n\n\n\n<li>Servicios de mantenimiento a sistemas de control con garant\u00eda de hasta por 1 a\u00f1o.<\/li>\n\n\n\n<li>Ahorro de un 1 hasta 20% en energ\u00eda y producci\u00f3n por medio de la sinton\u00eda de lazos, en monitoreo continuo de proceso y en toma autom\u00e1tica de decisiones.   <\/li>\n\n\n\n<li>IIoT enfocado en modelos de inteligencia artificial para toma de decisiones en pro de t\u00fa negocio. <\/li>\n<\/ul>\n\n\n\n<figure class=\"wp-block-image size-full\"><img decoding=\"async\" loading=\"lazy\" width=\"900\" height=\"540\" src=\"https:\/\/ving.com.mx\/wp-content\/uploads\/2023\/07\/caldera-auto.jpg\" alt=\"\" class=\"wp-image-270\" srcset=\"https:\/\/ving.com.mx\/wp-content\/uploads\/2023\/07\/caldera-auto.jpg 900w, https:\/\/ving.com.mx\/wp-content\/uploads\/2023\/07\/caldera-auto-300x180.jpg 300w, https:\/\/ving.com.mx\/wp-content\/uploads\/2023\/07\/caldera-auto-768x461.jpg 768w, https:\/\/ving.com.mx\/wp-content\/uploads\/2023\/07\/caldera-auto-600x360.jpg 600w\" sizes=\"(max-width: 900px) 100vw, 900px\" \/><\/figure>\n","protected":false},"excerpt":{"rendered":"<p>Tu nombre Tu correo electr\u00f3nico Asunto Tu mensaje (opcional) MAS DE 40 A\u00d1OS DE EXPERIENCIA EN EL RAMO DEL CONTROL NOS RESPALDAN.<\/p>\n","protected":false},"author":1,"featured_media":0,"parent":0,"menu_order":0,"comment_status":"closed","ping_status":"closed","template":"","meta":[],"yoast_head":"<!-- This site is optimized with the Yoast SEO plugin v21.5 - https:\/\/yoast.com\/wordpress\/plugins\/seo\/ -->\n<title>\u00bfPOR QU\u00c9 TRABAJAR CON NOSOTROS? - VING Innovaci\u00f3n<\/title>\n<meta name=\"robots\" content=\"index, follow, max-snippet:-1, max-image-preview:large, max-video-preview:-1\" \/>\n<link rel=\"canonical\" href=\"https:\/\/ving.com.mx\/index.php\/por-que-trabajar-con-nosotros\/\" \/>\n<meta property=\"og:locale\" content=\"es_MX\" \/>\n<meta property=\"og:type\" content=\"article\" \/>\n<meta property=\"og:title\" content=\"\u00bfPOR QU\u00c9 TRABAJAR CON NOSOTROS? - VING Innovaci\u00f3n\" \/>\n<meta property=\"og:description\" content=\"Tu nombre Tu correo electr\u00f3nico Asunto Tu mensaje (opcional) MAS DE 40 A\u00d1OS DE EXPERIENCIA EN EL RAMO DEL CONTROL NOS RESPALDAN.\" \/>\n<meta property=\"og:url\" content=\"https:\/\/ving.com.mx\/index.php\/por-que-trabajar-con-nosotros\/\" \/>\n<meta property=\"og:site_name\" content=\"VING Innovaci\u00f3n\" \/>\n<meta property=\"article:modified_time\" content=\"2023-08-09T15:45:56+00:00\" \/>\n<meta property=\"og:image\" content=\"https:\/\/ving.com.mx\/wp-content\/uploads\/2023\/07\/caldera-auto.jpg\" \/>\n<meta name=\"twitter:card\" content=\"summary_large_image\" \/>\n<meta name=\"twitter:label1\" content=\"Tiempo de lectura\" \/>\n\t<meta name=\"twitter:data1\" content=\"1 minuto\" \/>\n<script type=\"application\/ld+json\" class=\"yoast-schema-graph\">{\"@context\":\"https:\/\/schema.org\",\"@graph\":[{\"@type\":\"WebPage\",\"@id\":\"https:\/\/ving.com.mx\/index.php\/por-que-trabajar-con-nosotros\/\",\"url\":\"https:\/\/ving.com.mx\/index.php\/por-que-trabajar-con-nosotros\/\",\"name\":\"\u00bfPOR QU\u00c9 TRABAJAR CON NOSOTROS? - VING Innovaci\u00f3n\",\"isPartOf\":{\"@id\":\"https:\/\/ving.com.mx\/#website\"},\"datePublished\":\"2023-07-21T19:49:21+00:00\",\"dateModified\":\"2023-08-09T15:45:56+00:00\",\"breadcrumb\":{\"@id\":\"https:\/\/ving.com.mx\/index.php\/por-que-trabajar-con-nosotros\/#breadcrumb\"},\"inLanguage\":\"es-MX\",\"potentialAction\":[{\"@type\":\"ReadAction\",\"target\":[\"https:\/\/ving.com.mx\/index.php\/por-que-trabajar-con-nosotros\/\"]}]},{\"@type\":\"BreadcrumbList\",\"@id\":\"https:\/\/ving.com.mx\/index.php\/por-que-trabajar-con-nosotros\/#breadcrumb\",\"itemListElement\":[{\"@type\":\"ListItem\",\"position\":1,\"name\":\"Inicio\",\"item\":\"https:\/\/ving.com.mx\/\"},{\"@type\":\"ListItem\",\"position\":2,\"name\":\"\u00bfPOR QU\u00c9 TRABAJAR CON NOSOTROS?\"}]},{\"@type\":\"WebSite\",\"@id\":\"https:\/\/ving.com.mx\/#website\",\"url\":\"https:\/\/ving.com.mx\/\",\"name\":\"VING Innovaci\u00f3n\",\"description\":\"\",\"publisher\":{\"@id\":\"https:\/\/ving.com.mx\/#organization\"},\"potentialAction\":[{\"@type\":\"SearchAction\",\"target\":{\"@type\":\"EntryPoint\",\"urlTemplate\":\"https:\/\/ving.com.mx\/?s={search_term_string}\"},\"query-input\":\"required name=search_term_string\"}],\"inLanguage\":\"es-MX\"},{\"@type\":\"Organization\",\"@id\":\"https:\/\/ving.com.mx\/#organization\",\"name\":\"VING Innovaci\u00f3n\",\"url\":\"https:\/\/ving.com.mx\/\",\"logo\":{\"@type\":\"ImageObject\",\"inLanguage\":\"es-MX\",\"@id\":\"https:\/\/ving.com.mx\/#\/schema\/logo\/image\/\",\"url\":\"https:\/\/ving.com.mx\/wp-content\/uploads\/2023\/07\/cropped-VING-LOGO-BLANCO.jpg\",\"contentUrl\":\"https:\/\/ving.com.mx\/wp-content\/uploads\/2023\/07\/cropped-VING-LOGO-BLANCO.jpg\",\"width\":355,\"height\":185,\"caption\":\"VING Innovaci\u00f3n\"},\"image\":{\"@id\":\"https:\/\/ving.com.mx\/#\/schema\/logo\/image\/\"}}]}<\/script>\n<!-- \/ Yoast SEO plugin. -->","yoast_head_json":{"title":"\u00bfPOR QU\u00c9 TRABAJAR CON NOSOTROS? - VING Innovaci\u00f3n","robots":{"index":"index","follow":"follow","max-snippet":"max-snippet:-1","max-image-preview":"max-image-preview:large","max-video-preview":"max-video-preview:-1"},"canonical":"https:\/\/ving.com.mx\/index.php\/por-que-trabajar-con-nosotros\/","og_locale":"es_MX","og_type":"article","og_title":"\u00bfPOR QU\u00c9 TRABAJAR CON NOSOTROS? - VING Innovaci\u00f3n","og_description":"Tu nombre Tu correo electr\u00f3nico Asunto Tu mensaje (opcional) MAS DE 40 A\u00d1OS DE EXPERIENCIA EN EL RAMO DEL CONTROL NOS RESPALDAN.","og_url":"https:\/\/ving.com.mx\/index.php\/por-que-trabajar-con-nosotros\/","og_site_name":"VING Innovaci\u00f3n","article_modified_time":"2023-08-09T15:45:56+00:00","og_image":[{"url":"https:\/\/ving.com.mx\/wp-content\/uploads\/2023\/07\/caldera-auto.jpg"}],"twitter_card":"summary_large_image","twitter_misc":{"Tiempo de lectura":"1 minuto"},"schema":{"@context":"https:\/\/schema.org","@graph":[{"@type":"WebPage","@id":"https:\/\/ving.com.mx\/index.php\/por-que-trabajar-con-nosotros\/","url":"https:\/\/ving.com.mx\/index.php\/por-que-trabajar-con-nosotros\/","name":"\u00bfPOR QU\u00c9 TRABAJAR CON NOSOTROS? - VING Innovaci\u00f3n","isPartOf":{"@id":"https:\/\/ving.com.mx\/#website"},"datePublished":"2023-07-21T19:49:21+00:00","dateModified":"2023-08-09T15:45:56+00:00","breadcrumb":{"@id":"https:\/\/ving.com.mx\/index.php\/por-que-trabajar-con-nosotros\/#breadcrumb"},"inLanguage":"es-MX","potentialAction":[{"@type":"ReadAction","target":["https:\/\/ving.com.mx\/index.php\/por-que-trabajar-con-nosotros\/"]}]},{"@type":"BreadcrumbList","@id":"https:\/\/ving.com.mx\/index.php\/por-que-trabajar-con-nosotros\/#breadcrumb","itemListElement":[{"@type":"ListItem","position":1,"name":"Inicio","item":"https:\/\/ving.com.mx\/"},{"@type":"ListItem","position":2,"name":"\u00bfPOR QU\u00c9 TRABAJAR CON NOSOTROS?"}]},{"@type":"WebSite","@id":"https:\/\/ving.com.mx\/#website","url":"https:\/\/ving.com.mx\/","name":"VING Innovaci\u00f3n","description":"","publisher":{"@id":"https:\/\/ving.com.mx\/#organization"},"potentialAction":[{"@type":"SearchAction","target":{"@type":"EntryPoint","urlTemplate":"https:\/\/ving.com.mx\/?s={search_term_string}"},"query-input":"required name=search_term_string"}],"inLanguage":"es-MX"},{"@type":"Organization","@id":"https:\/\/ving.com.mx\/#organization","name":"VING Innovaci\u00f3n","url":"https:\/\/ving.com.mx\/","logo":{"@type":"ImageObject","inLanguage":"es-MX","@id":"https:\/\/ving.com.mx\/#\/schema\/logo\/image\/","url":"https:\/\/ving.com.mx\/wp-content\/uploads\/2023\/07\/cropped-VING-LOGO-BLANCO.jpg","contentUrl":"https:\/\/ving.com.mx\/wp-content\/uploads\/2023\/07\/cropped-VING-LOGO-BLANCO.jpg","width":355,"height":185,"caption":"VING Innovaci\u00f3n"},"image":{"@id":"https:\/\/ving.com.mx\/#\/schema\/logo\/image\/"}}]}},"_links":{"self":[{"href":"https:\/\/ving.com.mx\/index.php\/wp-json\/wp\/v2\/pages\/160"}],"collection":[{"href":"https:\/\/ving.com.mx\/index.php\/wp-json\/wp\/v2\/pages"}],"about":[{"href":"https:\/\/ving.com.mx\/index.php\/wp-json\/wp\/v2\/types\/page"}],"author":[{"embeddable":true,"href":"https:\/\/ving.com.mx\/index.php\/wp-json\/wp\/v2\/users\/1"}],"replies":[{"embeddable":true,"href":"https:\/\/ving.com.mx\/index.php\/wp-json\/wp\/v2\/comments?post=160"}],"version-history":[{"count":3,"href":"https:\/\/ving.com.mx\/index.php\/wp-json\/wp\/v2\/pages\/160\/revisions"}],"predecessor-version":[{"id":410,"href":"https:\/\/ving.com.mx\/index.php\/wp-json\/wp\/v2\/pages\/160\/revisions\/410"}],"wp:attachment":[{"href":"https:\/\/ving.com.mx\/index.php\/wp-json\/wp\/v2\/media?parent=160"}],"curies":[{"name":"wp","href":"https:\/\/api.w.org\/{rel}","templated":true}]}}