{"id":163,"date":"2023-07-24T15:43:25","date_gmt":"2023-07-24T15:43:25","guid":{"rendered":"https:\/\/ving.com.mx\/?page_id=163"},"modified":"2023-08-09T15:48:04","modified_gmt":"2023-08-09T15:48:04","slug":"industria-y-arquitectura-iiot","status":"publish","type":"page","link":"https:\/\/ving.com.mx\/index.php\/industria-y-arquitectura-iiot\/","title":{"rendered":"INDUSTRIA Y ARQUITECTURA IIoT"},"content":{"rendered":"<div role=\"form\" class=\"wpcf7\" id=\"wpcf7-f422-p422-o1\" lang=\"es-MX\" dir=\"ltr\"><div><div class=\"wpcf7-form\"><div class=\"fit-the-fullspace\"><div><div class=\"screen-reader-response\"><p role=\"status\" aria-live=\"polite\" aria-atomic=\"true\"><\/p> <ul><\/ul><\/div><form action=\"\/index.php\/wp-json\/wp\/v2\/pages\/163#wpcf7-f422-p422-o1\" method=\"post\" class=\"wpcf7-form init\" enctype=\"\" autocomplete=\"autocomplete\" novalidate=\"novalidate\" data-status=\"init\" locale=\"es_MX\"><div style=\"display: block;\"><input type=\"hidden\" name=\"_wpcf7\" value=\"422\" \/>\n<input type=\"hidden\" name=\"_wpcf7_version\" value=\"5.8\" \/>\n<input type=\"hidden\" name=\"_wpcf7_locale\" value=\"es_MX\" \/>\n<input type=\"hidden\" name=\"_wpcf7_unit_tag\" value=\"wpcf7-f422-p422-o1\" \/>\n<input type=\"hidden\" name=\"_wpcf7_posted_data_hash\" value=\"\" \/>\n<input type=\"hidden\" name=\"_wpcf7_fit-the-fullspace\" value=\"\" \/>\n<\/div><p><label> Tu nombre<br \/>\n<span class=\"wpcf7-form-control-wrap\" data-name=\"your-name\"><input size=\"40\" class=\"wpcf7-form-control wpcf7-text wpcf7-validates-as-required\" autocomplete=\"name\" aria-required=\"true\" aria-invalid=\"false\" value=\"\" type=\"text\" name=\"your-name\" \/><\/span> <\/label>\n<\/p>\n<p><label> Tu correo electr\u00f3nico<br \/>\n<span class=\"wpcf7-form-control-wrap\" data-name=\"your-email\"><input size=\"40\" class=\"wpcf7-form-control wpcf7-email wpcf7-validates-as-required wpcf7-text wpcf7-validates-as-email\" autocomplete=\"email\" aria-required=\"true\" aria-invalid=\"false\" value=\"\" type=\"email\" name=\"your-email\" \/><\/span> <\/label>\n<\/p>\n<p><label> Asunto<br \/>\n<span class=\"wpcf7-form-control-wrap\" data-name=\"your-subject\"><input size=\"40\" class=\"wpcf7-form-control wpcf7-text wpcf7-validates-as-required\" aria-required=\"true\" aria-invalid=\"false\" value=\"\" type=\"text\" name=\"your-subject\" \/><\/span> <\/label>\n<\/p>\n<p><label> Tu mensaje (opcional)<br \/>\n<span class=\"wpcf7-form-control-wrap\" data-name=\"your-message\"><textarea cols=\"40\" rows=\"10\" class=\"wpcf7-form-control wpcf7-textarea\" aria-invalid=\"false\" name=\"your-message\"><\/textarea><\/span> <\/label>\n<\/p>\n<p><input class=\"wpcf7-form-control wpcf7-submit has-spinner\" type=\"submit\" value=\"Enviar\" \/>\n<\/p><div class=\"wpcf7-response-output\" aria-hidden=\"true\"><\/div><\/form><\/div><\/div><\/div><\/div><\/div>\n<ul>\n<li>El Internet Industrial de las Cosas (IIoT) describe la red de objetos f\u00edsicos (cosas) que llevan incorporada instrumentaci\u00f3n,  software, y otras tecnolog\u00edas con el fin de conectarse e intercambiar datos con herramientas industriales sofisticadas y gestionadores administrativos a trav\u00e9s de Internet.  <\/li>\n<\/ul>\n\n\n\n<figure class=\"wp-block-image size-full\"><img decoding=\"async\" loading=\"lazy\" width=\"765\" height=\"416\" src=\"https:\/\/ving.com.mx\/wp-content\/uploads\/2023\/07\/INDUSTRIA-INTELIGENTE-IIoT.png\" alt=\"\" class=\"wp-image-164\" srcset=\"https:\/\/ving.com.mx\/wp-content\/uploads\/2023\/07\/INDUSTRIA-INTELIGENTE-IIoT.png 765w, https:\/\/ving.com.mx\/wp-content\/uploads\/2023\/07\/INDUSTRIA-INTELIGENTE-IIoT-300x163.png 300w, https:\/\/ving.com.mx\/wp-content\/uploads\/2023\/07\/INDUSTRIA-INTELIGENTE-IIoT-600x326.png 600w\" sizes=\"(max-width: 765px) 100vw, 765px\" \/><\/figure>\n\n\n\n<ul>\n<li>El mundo f\u00edsico y el digital van de la mano y cooperan entre s\u00ed, con esto las decisiones precisas y certeras est\u00e1n a su alcance sin tirar 1 peso m\u00e1s a la basura. <\/li>\n\n\n\n<li>No m\u00e1s paros innecesarios en la planta, ni tiempos muertos, ni decisiones que comprometan a la producci\u00f3n y la confianza con los clientes.<\/li>\n<\/ul>\n\n\n\n<p class=\"has-text-align-center\">MEDIANTE LA NUBE, EL AN\u00c1LISIS DE DATOS Y LA INTELIGENCIA ARTIFICIAL(AI), EL CONJUNTO DE LOS ELEMENTOS DE LA RED IIoT ES CAPAZ DE: <\/p>\n\n\n\n<div class=\"wp-block-columns is-layout-flex wp-container-3\">\n<div class=\"wp-block-column is-layout-flow\">\n<figure class=\"wp-block-image size-full\"><img decoding=\"async\" loading=\"lazy\" width=\"602\" height=\"602\" src=\"https:\/\/ving.com.mx\/wp-content\/uploads\/2023\/07\/Arquitectura-IIoT.png\" alt=\"\" class=\"wp-image-165\" srcset=\"https:\/\/ving.com.mx\/wp-content\/uploads\/2023\/07\/Arquitectura-IIoT.png 602w, https:\/\/ving.com.mx\/wp-content\/uploads\/2023\/07\/Arquitectura-IIoT-300x300.png 300w, https:\/\/ving.com.mx\/wp-content\/uploads\/2023\/07\/Arquitectura-IIoT-150x150.png 150w, https:\/\/ving.com.mx\/wp-content\/uploads\/2023\/07\/Arquitectura-IIoT-600x600.png 600w, https:\/\/ving.com.mx\/wp-content\/uploads\/2023\/07\/Arquitectura-IIoT-100x100.png 100w\" sizes=\"(max-width: 602px) 100vw, 602px\" \/><\/figure>\n<\/div>\n\n\n\n<div class=\"wp-block-column is-layout-flow\">\n<ol>\n<li><strong><mark style=\"background-color:rgba(0, 0, 0, 0)\" class=\"has-inline-color has-black-color\">Compartir y recopliar datos.<\/mark><\/strong><\/li>\n\n\n\n<li><strong><mark style=\"background-color:rgba(0, 0, 0, 0)\" class=\"has-inline-color has-black-color\">Monitorear tus procesos desde cualquier parte del mundo en tiempo real.<\/mark><\/strong><\/li>\n\n\n\n<li><strong><mark style=\"background-color:rgba(0, 0, 0, 0)\" class=\"has-inline-color has-black-color\">Ser analizados en base a algoritmos de AI.<\/mark><\/strong><\/li>\n\n\n\n<li><strong><mark style=\"background-color:rgba(0, 0, 0, 0)\" class=\"has-inline-color has-black-color\">Sugerir soluciones a problem\u00e1ticas existentes.<\/mark><\/strong><\/li>\n\n\n\n<li><strong><mark style=\"background-color:rgba(0, 0, 0, 0)\" class=\"has-inline-color has-black-color\">Generar reportes de estados actuales y futuros de los procesos.<\/mark><\/strong><\/li>\n\n\n\n<li><strong><mark style=\"background-color:rgba(0, 0, 0, 0)\" class=\"has-inline-color has-black-color\">Predecir y decidir, etc. <\/mark><\/strong><\/li>\n<\/ol>\n<\/div>\n<\/div>\n\n\n\n<p class=\"has-text-align-center\">CON UNA M\u00cdNIMA Y\/O NULA INTERVENCI\u00d3N HUMANA.<\/p>\n","protected":false},"excerpt":{"rendered":"<p>Tu nombre Tu correo electr\u00f3nico Asunto Tu mensaje (opcional) MEDIANTE LA NUBE, EL AN\u00c1LISIS DE DATOS Y LA INTELIGENCIA ARTIFICIAL(AI), EL CONJUNTO DE LOS ELEMENTOS DE LA RED IIoT ES CAPAZ DE: CON UNA M\u00cdNIMA Y\/O NULA INTERVENCI\u00d3N HUMANA.<\/p>\n","protected":false},"author":1,"featured_media":0,"parent":0,"menu_order":0,"comment_status":"closed","ping_status":"closed","template":"","meta":[],"yoast_head":"<!-- This site is optimized with the Yoast SEO plugin v21.5 - https:\/\/yoast.com\/wordpress\/plugins\/seo\/ -->\n<title>INDUSTRIA Y ARQUITECTURA IIoT - VING Innovaci\u00f3n<\/title>\n<meta name=\"robots\" content=\"index, follow, max-snippet:-1, max-image-preview:large, max-video-preview:-1\" \/>\n<link rel=\"canonical\" href=\"https:\/\/ving.com.mx\/index.php\/industria-y-arquitectura-iiot\/\" \/>\n<meta property=\"og:locale\" content=\"es_MX\" \/>\n<meta property=\"og:type\" content=\"article\" \/>\n<meta property=\"og:title\" content=\"INDUSTRIA Y ARQUITECTURA IIoT - VING Innovaci\u00f3n\" \/>\n<meta property=\"og:description\" content=\"Tu nombre Tu correo electr\u00f3nico Asunto Tu mensaje (opcional) MEDIANTE LA NUBE, EL AN\u00c1LISIS DE DATOS Y LA INTELIGENCIA ARTIFICIAL(AI), EL CONJUNTO DE LOS ELEMENTOS DE LA RED IIoT ES CAPAZ DE: CON UNA M\u00cdNIMA Y\/O NULA INTERVENCI\u00d3N HUMANA.\" \/>\n<meta property=\"og:url\" content=\"https:\/\/ving.com.mx\/index.php\/industria-y-arquitectura-iiot\/\" \/>\n<meta property=\"og:site_name\" content=\"VING Innovaci\u00f3n\" \/>\n<meta property=\"article:modified_time\" content=\"2023-08-09T15:48:04+00:00\" \/>\n<meta property=\"og:image\" content=\"https:\/\/ving.com.mx\/wp-content\/uploads\/2023\/07\/INDUSTRIA-INTELIGENTE-IIoT.png\" \/>\n<meta name=\"twitter:card\" content=\"summary_large_image\" \/>\n<meta name=\"twitter:label1\" content=\"Tiempo de lectura\" \/>\n\t<meta name=\"twitter:data1\" content=\"1 minuto\" \/>\n<script type=\"application\/ld+json\" class=\"yoast-schema-graph\">{\"@context\":\"https:\/\/schema.org\",\"@graph\":[{\"@type\":\"WebPage\",\"@id\":\"https:\/\/ving.com.mx\/index.php\/industria-y-arquitectura-iiot\/\",\"url\":\"https:\/\/ving.com.mx\/index.php\/industria-y-arquitectura-iiot\/\",\"name\":\"INDUSTRIA Y ARQUITECTURA IIoT - VING Innovaci\u00f3n\",\"isPartOf\":{\"@id\":\"https:\/\/ving.com.mx\/#website\"},\"datePublished\":\"2023-07-24T15:43:25+00:00\",\"dateModified\":\"2023-08-09T15:48:04+00:00\",\"breadcrumb\":{\"@id\":\"https:\/\/ving.com.mx\/index.php\/industria-y-arquitectura-iiot\/#breadcrumb\"},\"inLanguage\":\"es-MX\",\"potentialAction\":[{\"@type\":\"ReadAction\",\"target\":[\"https:\/\/ving.com.mx\/index.php\/industria-y-arquitectura-iiot\/\"]}]},{\"@type\":\"BreadcrumbList\",\"@id\":\"https:\/\/ving.com.mx\/index.php\/industria-y-arquitectura-iiot\/#breadcrumb\",\"itemListElement\":[{\"@type\":\"ListItem\",\"position\":1,\"name\":\"Inicio\",\"item\":\"https:\/\/ving.com.mx\/\"},{\"@type\":\"ListItem\",\"position\":2,\"name\":\"INDUSTRIA Y ARQUITECTURA IIoT\"}]},{\"@type\":\"WebSite\",\"@id\":\"https:\/\/ving.com.mx\/#website\",\"url\":\"https:\/\/ving.com.mx\/\",\"name\":\"VING Innovaci\u00f3n\",\"description\":\"\",\"publisher\":{\"@id\":\"https:\/\/ving.com.mx\/#organization\"},\"potentialAction\":[{\"@type\":\"SearchAction\",\"target\":{\"@type\":\"EntryPoint\",\"urlTemplate\":\"https:\/\/ving.com.mx\/?s={search_term_string}\"},\"query-input\":\"required name=search_term_string\"}],\"inLanguage\":\"es-MX\"},{\"@type\":\"Organization\",\"@id\":\"https:\/\/ving.com.mx\/#organization\",\"name\":\"VING Innovaci\u00f3n\",\"url\":\"https:\/\/ving.com.mx\/\",\"logo\":{\"@type\":\"ImageObject\",\"inLanguage\":\"es-MX\",\"@id\":\"https:\/\/ving.com.mx\/#\/schema\/logo\/image\/\",\"url\":\"https:\/\/ving.com.mx\/wp-content\/uploads\/2023\/07\/cropped-VING-LOGO-BLANCO.jpg\",\"contentUrl\":\"https:\/\/ving.com.mx\/wp-content\/uploads\/2023\/07\/cropped-VING-LOGO-BLANCO.jpg\",\"width\":355,\"height\":185,\"caption\":\"VING Innovaci\u00f3n\"},\"image\":{\"@id\":\"https:\/\/ving.com.mx\/#\/schema\/logo\/image\/\"}}]}<\/script>\n<!-- \/ Yoast SEO plugin. -->","yoast_head_json":{"title":"INDUSTRIA Y ARQUITECTURA IIoT - VING Innovaci\u00f3n","robots":{"index":"index","follow":"follow","max-snippet":"max-snippet:-1","max-image-preview":"max-image-preview:large","max-video-preview":"max-video-preview:-1"},"canonical":"https:\/\/ving.com.mx\/index.php\/industria-y-arquitectura-iiot\/","og_locale":"es_MX","og_type":"article","og_title":"INDUSTRIA Y ARQUITECTURA IIoT - VING Innovaci\u00f3n","og_description":"Tu nombre Tu correo electr\u00f3nico Asunto Tu mensaje (opcional) MEDIANTE LA NUBE, EL AN\u00c1LISIS DE DATOS Y LA INTELIGENCIA ARTIFICIAL(AI), EL CONJUNTO DE LOS ELEMENTOS DE LA RED IIoT ES CAPAZ DE: CON UNA M\u00cdNIMA Y\/O NULA INTERVENCI\u00d3N HUMANA.","og_url":"https:\/\/ving.com.mx\/index.php\/industria-y-arquitectura-iiot\/","og_site_name":"VING Innovaci\u00f3n","article_modified_time":"2023-08-09T15:48:04+00:00","og_image":[{"url":"https:\/\/ving.com.mx\/wp-content\/uploads\/2023\/07\/INDUSTRIA-INTELIGENTE-IIoT.png"}],"twitter_card":"summary_large_image","twitter_misc":{"Tiempo de lectura":"1 minuto"},"schema":{"@context":"https:\/\/schema.org","@graph":[{"@type":"WebPage","@id":"https:\/\/ving.com.mx\/index.php\/industria-y-arquitectura-iiot\/","url":"https:\/\/ving.com.mx\/index.php\/industria-y-arquitectura-iiot\/","name":"INDUSTRIA Y ARQUITECTURA IIoT - VING Innovaci\u00f3n","isPartOf":{"@id":"https:\/\/ving.com.mx\/#website"},"datePublished":"2023-07-24T15:43:25+00:00","dateModified":"2023-08-09T15:48:04+00:00","breadcrumb":{"@id":"https:\/\/ving.com.mx\/index.php\/industria-y-arquitectura-iiot\/#breadcrumb"},"inLanguage":"es-MX","potentialAction":[{"@type":"ReadAction","target":["https:\/\/ving.com.mx\/index.php\/industria-y-arquitectura-iiot\/"]}]},{"@type":"BreadcrumbList","@id":"https:\/\/ving.com.mx\/index.php\/industria-y-arquitectura-iiot\/#breadcrumb","itemListElement":[{"@type":"ListItem","position":1,"name":"Inicio","item":"https:\/\/ving.com.mx\/"},{"@type":"ListItem","position":2,"name":"INDUSTRIA Y ARQUITECTURA IIoT"}]},{"@type":"WebSite","@id":"https:\/\/ving.com.mx\/#website","url":"https:\/\/ving.com.mx\/","name":"VING Innovaci\u00f3n","description":"","publisher":{"@id":"https:\/\/ving.com.mx\/#organization"},"potentialAction":[{"@type":"SearchAction","target":{"@type":"EntryPoint","urlTemplate":"https:\/\/ving.com.mx\/?s={search_term_string}"},"query-input":"required name=search_term_string"}],"inLanguage":"es-MX"},{"@type":"Organization","@id":"https:\/\/ving.com.mx\/#organization","name":"VING Innovaci\u00f3n","url":"https:\/\/ving.com.mx\/","logo":{"@type":"ImageObject","inLanguage":"es-MX","@id":"https:\/\/ving.com.mx\/#\/schema\/logo\/image\/","url":"https:\/\/ving.com.mx\/wp-content\/uploads\/2023\/07\/cropped-VING-LOGO-BLANCO.jpg","contentUrl":"https:\/\/ving.com.mx\/wp-content\/uploads\/2023\/07\/cropped-VING-LOGO-BLANCO.jpg","width":355,"height":185,"caption":"VING Innovaci\u00f3n"},"image":{"@id":"https:\/\/ving.com.mx\/#\/schema\/logo\/image\/"}}]}},"_links":{"self":[{"href":"https:\/\/ving.com.mx\/index.php\/wp-json\/wp\/v2\/pages\/163"}],"collection":[{"href":"https:\/\/ving.com.mx\/index.php\/wp-json\/wp\/v2\/pages"}],"about":[{"href":"https:\/\/ving.com.mx\/index.php\/wp-json\/wp\/v2\/types\/page"}],"author":[{"embeddable":true,"href":"https:\/\/ving.com.mx\/index.php\/wp-json\/wp\/v2\/users\/1"}],"replies":[{"embeddable":true,"href":"https:\/\/ving.com.mx\/index.php\/wp-json\/wp\/v2\/comments?post=163"}],"version-history":[{"count":2,"href":"https:\/\/ving.com.mx\/index.php\/wp-json\/wp\/v2\/pages\/163\/revisions"}],"predecessor-version":[{"id":412,"href":"https:\/\/ving.com.mx\/index.php\/wp-json\/wp\/v2\/pages\/163\/revisions\/412"}],"wp:attachment":[{"href":"https:\/\/ving.com.mx\/index.php\/wp-json\/wp\/v2\/media?parent=163"}],"curies":[{"name":"wp","href":"https:\/\/api.w.org\/{rel}","templated":true}]}}