{"id":167,"date":"2023-07-22T01:58:43","date_gmt":"2023-07-22T01:58:43","guid":{"rendered":"https:\/\/ving.com.mx\/?page_id=167"},"modified":"2023-08-09T15:51:32","modified_gmt":"2023-08-09T15:51:32","slug":"soluciones-con-iiot","status":"publish","type":"page","link":"https:\/\/ving.com.mx\/index.php\/soluciones-con-iiot\/","title":{"rendered":"SOLUCIONES CON IIoT"},"content":{"rendered":"<div role=\"form\" class=\"wpcf7\" id=\"wpcf7-f422-p422-o1\" lang=\"es-MX\" dir=\"ltr\"><div><div class=\"wpcf7-form\"><div class=\"fit-the-fullspace\"><div><div class=\"screen-reader-response\"><p role=\"status\" aria-live=\"polite\" aria-atomic=\"true\"><\/p> <ul><\/ul><\/div><form action=\"\/index.php\/wp-json\/wp\/v2\/pages\/167#wpcf7-f422-p422-o1\" method=\"post\" class=\"wpcf7-form init\" enctype=\"\" autocomplete=\"autocomplete\" novalidate=\"novalidate\" data-status=\"init\" locale=\"es_MX\"><div style=\"display: block;\"><input type=\"hidden\" name=\"_wpcf7\" value=\"422\" \/>\n<input type=\"hidden\" name=\"_wpcf7_version\" value=\"5.8\" \/>\n<input type=\"hidden\" name=\"_wpcf7_locale\" value=\"es_MX\" \/>\n<input type=\"hidden\" name=\"_wpcf7_unit_tag\" value=\"wpcf7-f422-p422-o1\" \/>\n<input type=\"hidden\" name=\"_wpcf7_posted_data_hash\" value=\"\" \/>\n<input type=\"hidden\" name=\"_wpcf7_fit-the-fullspace\" value=\"\" \/>\n<\/div><p><label> Tu nombre<br \/>\n<span class=\"wpcf7-form-control-wrap\" data-name=\"your-name\"><input size=\"40\" class=\"wpcf7-form-control wpcf7-text wpcf7-validates-as-required\" autocomplete=\"name\" aria-required=\"true\" aria-invalid=\"false\" value=\"\" type=\"text\" name=\"your-name\" \/><\/span> <\/label>\n<\/p>\n<p><label> Tu correo electr\u00f3nico<br \/>\n<span class=\"wpcf7-form-control-wrap\" data-name=\"your-email\"><input size=\"40\" class=\"wpcf7-form-control wpcf7-email wpcf7-validates-as-required wpcf7-text wpcf7-validates-as-email\" autocomplete=\"email\" aria-required=\"true\" aria-invalid=\"false\" value=\"\" type=\"email\" name=\"your-email\" \/><\/span> <\/label>\n<\/p>\n<p><label> Asunto<br \/>\n<span class=\"wpcf7-form-control-wrap\" data-name=\"your-subject\"><input size=\"40\" class=\"wpcf7-form-control wpcf7-text wpcf7-validates-as-required\" aria-required=\"true\" aria-invalid=\"false\" value=\"\" type=\"text\" name=\"your-subject\" \/><\/span> <\/label>\n<\/p>\n<p><label> Tu mensaje (opcional)<br \/>\n<span class=\"wpcf7-form-control-wrap\" data-name=\"your-message\"><textarea cols=\"40\" rows=\"10\" class=\"wpcf7-form-control wpcf7-textarea\" aria-invalid=\"false\" name=\"your-message\"><\/textarea><\/span> <\/label>\n<\/p>\n<p><input class=\"wpcf7-form-control wpcf7-submit has-spinner\" type=\"submit\" value=\"Enviar\" \/>\n<\/p><div class=\"wpcf7-response-output\" aria-hidden=\"true\"><\/div><\/form><\/div><\/div><\/div><\/div><\/div>\n<figure class=\"wp-block-image size-full\"><img decoding=\"async\" loading=\"lazy\" width=\"825\" height=\"413\" src=\"https:\/\/ving.com.mx\/wp-content\/uploads\/2023\/08\/62b45611d6e52a0eb0cffbb3_Implementing-IIoT-6-critical-factors-to-consider-1.png\" alt=\"\" class=\"wp-image-316\" srcset=\"https:\/\/ving.com.mx\/wp-content\/uploads\/2023\/08\/62b45611d6e52a0eb0cffbb3_Implementing-IIoT-6-critical-factors-to-consider-1.png 825w, https:\/\/ving.com.mx\/wp-content\/uploads\/2023\/08\/62b45611d6e52a0eb0cffbb3_Implementing-IIoT-6-critical-factors-to-consider-1-300x150.png 300w, https:\/\/ving.com.mx\/wp-content\/uploads\/2023\/08\/62b45611d6e52a0eb0cffbb3_Implementing-IIoT-6-critical-factors-to-consider-1-768x384.png 768w, https:\/\/ving.com.mx\/wp-content\/uploads\/2023\/08\/62b45611d6e52a0eb0cffbb3_Implementing-IIoT-6-critical-factors-to-consider-1-600x300.png 600w\" sizes=\"(max-width: 825px) 100vw, 825px\" \/><\/figure>\n\n\n\n<p><strong>INTERCONEXI\u00d3N DESDE LOS DATOS DEL PROCESO O MAQUINARIA, PASANDO POR LA SOLUCI\u00d3N DE INTELIGENCIA ARTIFICIAL DE VING HACIA SU SOFTWARE ERP (SAP, ORACLE, MICROSOFT, ASPEL, ETC.) PARA GENERAR PREDICCIONES, REPORTES Y DECISIONES AUTOM\u00c1TICAS DE: <\/strong><\/p>\n\n\n\n<ul>\n<li><\/li>\n<\/ul>\n\n\n\n<div class=\"wp-block-columns is-layout-flex wp-container-4\">\n<div class=\"wp-block-column is-layout-flow\">\n<p class=\"has-text-align-center\"><strong><mark style=\"background-color:rgba(0, 0, 0, 0)\" class=\"has-inline-color has-black-color\">01 MANTENIMIENTO<\/mark><\/strong><\/p>\n\n\n\n<figure class=\"wp-block-image size-full is-resized\"><img decoding=\"async\" loading=\"lazy\" src=\"https:\/\/ving.com.mx\/wp-content\/uploads\/2023\/07\/mantenimiento.png\" alt=\"\" class=\"wp-image-168\" width=\"254\" height=\"270\"\/><\/figure>\n\n\n\n<p class=\"has-text-align-center\"><strong>Estado actual y futuro de las m\u00e1quinas o procesos (generaci\u00f3n autom\u00e1tica de planes de mantenimiento preventivo y su calendarizaci\u00f3n).<\/strong><\/p>\n<\/div>\n\n\n\n<div class=\"wp-block-column is-layout-flow\">\n<p class=\"has-text-align-center\"><strong><mark style=\"background-color:rgba(0, 0, 0, 0)\" class=\"has-inline-color has-black-color\">02 RECURSOS HUMANOS<\/mark><\/strong><\/p>\n\n\n\n<figure class=\"wp-block-image size-full is-resized\"><img decoding=\"async\" loading=\"lazy\" src=\"https:\/\/ving.com.mx\/wp-content\/uploads\/2023\/07\/recursos-humanos.png\" alt=\"\" class=\"wp-image-169\" width=\"255\" height=\"271\"\/><\/figure>\n\n\n\n<p class=\"has-text-align-center\"><strong><mark style=\"background-color:rgba(0, 0, 0, 0)\" class=\"has-inline-color has-black-color\">Productividad de los trabajadores (respuesta de los trabajadores a solicitudes del proceso y de la producci\u00f3n midiendo su \u00edndice de respuestas ante las necesidades de la planta.)<\/mark><\/strong><\/p>\n\n\n\n<p><\/p>\n<\/div>\n\n\n\n<div class=\"wp-block-column is-layout-flow\">\n<p class=\"has-text-align-center\"><strong><mark style=\"background-color:rgba(0, 0, 0, 0)\" class=\"has-inline-color has-black-color\">03 VENTAS<\/mark><\/strong><\/p>\n\n\n\n<figure class=\"wp-block-image size-full is-resized\"><img decoding=\"async\" loading=\"lazy\" src=\"https:\/\/ving.com.mx\/wp-content\/uploads\/2023\/07\/ventas.png\" alt=\"\" class=\"wp-image-170\" width=\"255\" height=\"271\"\/><\/figure>\n\n\n\n<p class=\"has-text-align-center\"><strong><mark style=\"background-color:rgba(0, 0, 0, 0)\" class=\"has-inline-color has-black-color\">M\u00e9tricas de producci\u00f3n reales, actuales y futuras para la fijaci\u00f3n de cuotas de venta al personal de promoci\u00f3n y para brindar tiempos de entrega factibles al cliente y mejorar la confianza en \u00e9l.<\/mark><\/strong>   <\/p>\n<\/div>\n<\/div>\n\n\n\n<div class=\"wp-block-columns is-layout-flex wp-container-8\">\n<div class=\"wp-block-column is-layout-flow\">\n<p class=\"has-text-align-center\"><strong><mark style=\"background-color:rgba(0, 0, 0, 0)\" class=\"has-inline-color has-black-color\">04 INVENTARIO<\/mark><\/strong><\/p>\n\n\n\n<figure class=\"wp-block-image size-full is-resized\"><img decoding=\"async\" loading=\"lazy\" src=\"https:\/\/ving.com.mx\/wp-content\/uploads\/2023\/07\/inventario.png\" alt=\"\" class=\"wp-image-171\" width=\"256\" height=\"272\"\/><\/figure>\n\n\n\n<p class=\"has-text-align-center\"><strong>Requisici\u00f3n autom\u00e1tica predictiva del almac\u00e9n de materia prima a producci\u00f3n, y de producci\u00f3n a almac\u00e9n de producto terminado, as\u00ed como la requisici\u00f3n autom\u00e1tica del material del inventario, as\u00ed como la requisici\u00f3n de la materia prima al departamento de compras<\/strong>.<\/p>\n<\/div>\n\n\n\n<div class=\"wp-block-column is-layout-flow\">\n<p class=\"has-text-align-center\"><strong>05 PRODUCCI\u00d3N<\/strong><\/p>\n\n\n\n<figure class=\"wp-block-image size-full is-resized\"><img decoding=\"async\" loading=\"lazy\" src=\"https:\/\/ving.com.mx\/wp-content\/uploads\/2023\/07\/produccion.png\" alt=\"\" class=\"wp-image-172\" width=\"256\" height=\"272\"\/><\/figure>\n\n\n\n<p class=\"has-text-align-center\"><strong><mark style=\"background-color:rgba(0, 0, 0, 0)\" class=\"has-inline-color has-black-color\">Se comprueba que la producci\u00f3n saliente de m\u00e1quinas concuerde con su ingreso en el almac\u00e9n del producto terminado. <\/mark><\/strong><\/p>\n<\/div>\n\n\n\n<div class=\"wp-block-column is-layout-flow\">\n<p class=\"has-text-align-center\"><strong><mark style=\"background-color:rgba(0, 0, 0, 0)\" class=\"has-inline-color has-black-color\">06 COMPRAS<\/mark><\/strong><\/p>\n\n\n\n<figure class=\"wp-block-image size-full is-resized\"><img decoding=\"async\" loading=\"lazy\" src=\"https:\/\/ving.com.mx\/wp-content\/uploads\/2023\/07\/compras.png\" alt=\"\" class=\"wp-image-173\" width=\"257\" height=\"273\"\/><\/figure>\n\n\n\n<p class=\"has-text-align-center\"><strong><mark style=\"background-color:rgba(0, 0, 0, 0)\" class=\"has-inline-color has-black-color\">Requisici\u00f3n autom\u00e1tica de consumibles del departamento de mantenimiento y almac\u00e9n de materia prima al departamento de compras. <\/mark><\/strong><\/p>\n<\/div>\n<\/div>\n\n\n\n<p><strong>LA IIoT TIENE POSIBILIDADES INFINITAS Y VING TE OFRCE ESTE SERVICIO, SOLIC\u00cdTALO PARA TU NEGOCIO Y SER\u00c1S UNA GRAN DIFERENCIA COMPETITIVA EN EL MERCADO OPTIMIZANDO COSTOS Y PROCESOS.<\/strong><\/p>\n","protected":false},"excerpt":{"rendered":"<p>Tu nombre Tu correo electr\u00f3nico Asunto Tu mensaje (opcional) INTERCONEXI\u00d3N DESDE LOS DATOS DEL PROCESO O MAQUINARIA, PASANDO POR LA SOLUCI\u00d3N DE INTELIGENCIA ARTIFICIAL DE VING HACIA SU SOFTWARE ERP (SAP, ORACLE, MICROSOFT, ASPEL, ETC.) PARA GENERAR PREDICCIONES, REPORTES Y DECISIONES AUTOM\u00c1TICAS DE: 01 MANTENIMIENTO Estado actual y futuro de las m\u00e1quinas o procesos (generaci\u00f3n [&hellip;]<\/p>\n","protected":false},"author":1,"featured_media":0,"parent":0,"menu_order":0,"comment_status":"closed","ping_status":"closed","template":"","meta":[],"yoast_head":"<!-- This site is optimized with the Yoast SEO plugin v21.5 - https:\/\/yoast.com\/wordpress\/plugins\/seo\/ -->\n<title>SOLUCIONES CON IIoT - VING Innovaci\u00f3n<\/title>\n<meta name=\"robots\" content=\"index, follow, max-snippet:-1, max-image-preview:large, max-video-preview:-1\" \/>\n<link rel=\"canonical\" href=\"https:\/\/ving.com.mx\/index.php\/soluciones-con-iiot\/\" \/>\n<meta property=\"og:locale\" content=\"es_MX\" \/>\n<meta property=\"og:type\" content=\"article\" \/>\n<meta property=\"og:title\" content=\"SOLUCIONES CON IIoT - VING Innovaci\u00f3n\" \/>\n<meta property=\"og:description\" content=\"Tu nombre Tu correo electr\u00f3nico Asunto Tu mensaje (opcional) INTERCONEXI\u00d3N DESDE LOS DATOS DEL PROCESO O MAQUINARIA, PASANDO POR LA SOLUCI\u00d3N DE INTELIGENCIA ARTIFICIAL DE VING HACIA SU SOFTWARE ERP (SAP, ORACLE, MICROSOFT, ASPEL, ETC.) PARA GENERAR PREDICCIONES, REPORTES Y DECISIONES AUTOM\u00c1TICAS DE: 01 MANTENIMIENTO Estado actual y futuro de las m\u00e1quinas o procesos (generaci\u00f3n [&hellip;]\" \/>\n<meta property=\"og:url\" content=\"https:\/\/ving.com.mx\/index.php\/soluciones-con-iiot\/\" \/>\n<meta property=\"og:site_name\" content=\"VING Innovaci\u00f3n\" \/>\n<meta property=\"article:modified_time\" content=\"2023-08-09T15:51:32+00:00\" \/>\n<meta property=\"og:image\" content=\"https:\/\/ving.com.mx\/wp-content\/uploads\/2023\/08\/62b45611d6e52a0eb0cffbb3_Implementing-IIoT-6-critical-factors-to-consider-1.png\" \/>\n<meta name=\"twitter:card\" content=\"summary_large_image\" \/>\n<meta name=\"twitter:label1\" content=\"Tiempo de lectura\" \/>\n\t<meta name=\"twitter:data1\" content=\"1 minuto\" \/>\n<script type=\"application\/ld+json\" class=\"yoast-schema-graph\">{\"@context\":\"https:\/\/schema.org\",\"@graph\":[{\"@type\":\"WebPage\",\"@id\":\"https:\/\/ving.com.mx\/index.php\/soluciones-con-iiot\/\",\"url\":\"https:\/\/ving.com.mx\/index.php\/soluciones-con-iiot\/\",\"name\":\"SOLUCIONES CON IIoT - VING Innovaci\u00f3n\",\"isPartOf\":{\"@id\":\"https:\/\/ving.com.mx\/#website\"},\"datePublished\":\"2023-07-22T01:58:43+00:00\",\"dateModified\":\"2023-08-09T15:51:32+00:00\",\"breadcrumb\":{\"@id\":\"https:\/\/ving.com.mx\/index.php\/soluciones-con-iiot\/#breadcrumb\"},\"inLanguage\":\"es-MX\",\"potentialAction\":[{\"@type\":\"ReadAction\",\"target\":[\"https:\/\/ving.com.mx\/index.php\/soluciones-con-iiot\/\"]}]},{\"@type\":\"BreadcrumbList\",\"@id\":\"https:\/\/ving.com.mx\/index.php\/soluciones-con-iiot\/#breadcrumb\",\"itemListElement\":[{\"@type\":\"ListItem\",\"position\":1,\"name\":\"Inicio\",\"item\":\"https:\/\/ving.com.mx\/\"},{\"@type\":\"ListItem\",\"position\":2,\"name\":\"SOLUCIONES CON IIoT\"}]},{\"@type\":\"WebSite\",\"@id\":\"https:\/\/ving.com.mx\/#website\",\"url\":\"https:\/\/ving.com.mx\/\",\"name\":\"VING Innovaci\u00f3n\",\"description\":\"\",\"publisher\":{\"@id\":\"https:\/\/ving.com.mx\/#organization\"},\"potentialAction\":[{\"@type\":\"SearchAction\",\"target\":{\"@type\":\"EntryPoint\",\"urlTemplate\":\"https:\/\/ving.com.mx\/?s={search_term_string}\"},\"query-input\":\"required name=search_term_string\"}],\"inLanguage\":\"es-MX\"},{\"@type\":\"Organization\",\"@id\":\"https:\/\/ving.com.mx\/#organization\",\"name\":\"VING Innovaci\u00f3n\",\"url\":\"https:\/\/ving.com.mx\/\",\"logo\":{\"@type\":\"ImageObject\",\"inLanguage\":\"es-MX\",\"@id\":\"https:\/\/ving.com.mx\/#\/schema\/logo\/image\/\",\"url\":\"https:\/\/ving.com.mx\/wp-content\/uploads\/2023\/07\/cropped-VING-LOGO-BLANCO.jpg\",\"contentUrl\":\"https:\/\/ving.com.mx\/wp-content\/uploads\/2023\/07\/cropped-VING-LOGO-BLANCO.jpg\",\"width\":355,\"height\":185,\"caption\":\"VING Innovaci\u00f3n\"},\"image\":{\"@id\":\"https:\/\/ving.com.mx\/#\/schema\/logo\/image\/\"}}]}<\/script>\n<!-- \/ Yoast SEO plugin. -->","yoast_head_json":{"title":"SOLUCIONES CON IIoT - VING Innovaci\u00f3n","robots":{"index":"index","follow":"follow","max-snippet":"max-snippet:-1","max-image-preview":"max-image-preview:large","max-video-preview":"max-video-preview:-1"},"canonical":"https:\/\/ving.com.mx\/index.php\/soluciones-con-iiot\/","og_locale":"es_MX","og_type":"article","og_title":"SOLUCIONES CON IIoT - VING Innovaci\u00f3n","og_description":"Tu nombre Tu correo electr\u00f3nico Asunto Tu mensaje (opcional) INTERCONEXI\u00d3N DESDE LOS DATOS DEL PROCESO O MAQUINARIA, PASANDO POR LA SOLUCI\u00d3N DE INTELIGENCIA ARTIFICIAL DE VING HACIA SU SOFTWARE ERP (SAP, ORACLE, MICROSOFT, ASPEL, ETC.) PARA GENERAR PREDICCIONES, REPORTES Y DECISIONES AUTOM\u00c1TICAS DE: 01 MANTENIMIENTO Estado actual y futuro de las m\u00e1quinas o procesos (generaci\u00f3n [&hellip;]","og_url":"https:\/\/ving.com.mx\/index.php\/soluciones-con-iiot\/","og_site_name":"VING Innovaci\u00f3n","article_modified_time":"2023-08-09T15:51:32+00:00","og_image":[{"url":"https:\/\/ving.com.mx\/wp-content\/uploads\/2023\/08\/62b45611d6e52a0eb0cffbb3_Implementing-IIoT-6-critical-factors-to-consider-1.png"}],"twitter_card":"summary_large_image","twitter_misc":{"Tiempo de lectura":"1 minuto"},"schema":{"@context":"https:\/\/schema.org","@graph":[{"@type":"WebPage","@id":"https:\/\/ving.com.mx\/index.php\/soluciones-con-iiot\/","url":"https:\/\/ving.com.mx\/index.php\/soluciones-con-iiot\/","name":"SOLUCIONES CON IIoT - VING Innovaci\u00f3n","isPartOf":{"@id":"https:\/\/ving.com.mx\/#website"},"datePublished":"2023-07-22T01:58:43+00:00","dateModified":"2023-08-09T15:51:32+00:00","breadcrumb":{"@id":"https:\/\/ving.com.mx\/index.php\/soluciones-con-iiot\/#breadcrumb"},"inLanguage":"es-MX","potentialAction":[{"@type":"ReadAction","target":["https:\/\/ving.com.mx\/index.php\/soluciones-con-iiot\/"]}]},{"@type":"BreadcrumbList","@id":"https:\/\/ving.com.mx\/index.php\/soluciones-con-iiot\/#breadcrumb","itemListElement":[{"@type":"ListItem","position":1,"name":"Inicio","item":"https:\/\/ving.com.mx\/"},{"@type":"ListItem","position":2,"name":"SOLUCIONES CON IIoT"}]},{"@type":"WebSite","@id":"https:\/\/ving.com.mx\/#website","url":"https:\/\/ving.com.mx\/","name":"VING Innovaci\u00f3n","description":"","publisher":{"@id":"https:\/\/ving.com.mx\/#organization"},"potentialAction":[{"@type":"SearchAction","target":{"@type":"EntryPoint","urlTemplate":"https:\/\/ving.com.mx\/?s={search_term_string}"},"query-input":"required name=search_term_string"}],"inLanguage":"es-MX"},{"@type":"Organization","@id":"https:\/\/ving.com.mx\/#organization","name":"VING Innovaci\u00f3n","url":"https:\/\/ving.com.mx\/","logo":{"@type":"ImageObject","inLanguage":"es-MX","@id":"https:\/\/ving.com.mx\/#\/schema\/logo\/image\/","url":"https:\/\/ving.com.mx\/wp-content\/uploads\/2023\/07\/cropped-VING-LOGO-BLANCO.jpg","contentUrl":"https:\/\/ving.com.mx\/wp-content\/uploads\/2023\/07\/cropped-VING-LOGO-BLANCO.jpg","width":355,"height":185,"caption":"VING Innovaci\u00f3n"},"image":{"@id":"https:\/\/ving.com.mx\/#\/schema\/logo\/image\/"}}]}},"_links":{"self":[{"href":"https:\/\/ving.com.mx\/index.php\/wp-json\/wp\/v2\/pages\/167"}],"collection":[{"href":"https:\/\/ving.com.mx\/index.php\/wp-json\/wp\/v2\/pages"}],"about":[{"href":"https:\/\/ving.com.mx\/index.php\/wp-json\/wp\/v2\/types\/page"}],"author":[{"embeddable":true,"href":"https:\/\/ving.com.mx\/index.php\/wp-json\/wp\/v2\/users\/1"}],"replies":[{"embeddable":true,"href":"https:\/\/ving.com.mx\/index.php\/wp-json\/wp\/v2\/comments?post=167"}],"version-history":[{"count":4,"href":"https:\/\/ving.com.mx\/index.php\/wp-json\/wp\/v2\/pages\/167\/revisions"}],"predecessor-version":[{"id":416,"href":"https:\/\/ving.com.mx\/index.php\/wp-json\/wp\/v2\/pages\/167\/revisions\/416"}],"wp:attachment":[{"href":"https:\/\/ving.com.mx\/index.php\/wp-json\/wp\/v2\/media?parent=167"}],"curies":[{"name":"wp","href":"https:\/\/api.w.org\/{rel}","templated":true}]}}