{"id":392,"date":"2023-08-07T20:40:51","date_gmt":"2023-08-07T20:40:51","guid":{"rendered":"https:\/\/ving.com.mx\/?page_id=392"},"modified":"2023-08-09T15:49:36","modified_gmt":"2023-08-09T15:49:36","slug":"servicios-de-pre-venta-y-de-post-venta","status":"publish","type":"page","link":"https:\/\/ving.com.mx\/index.php\/las-mejores-marcas-y-fabricantes\/servicios-de-pre-venta-y-de-post-venta\/","title":{"rendered":"SERVICIOS DE PRE-VENTA Y DE POST-VENTA"},"content":{"rendered":"<div role=\"form\" class=\"wpcf7\" id=\"wpcf7-f422-p422-o1\" lang=\"es-MX\" dir=\"ltr\"><div><div class=\"wpcf7-form\"><div class=\"fit-the-fullspace\"><div><div class=\"screen-reader-response\"><p role=\"status\" aria-live=\"polite\" aria-atomic=\"true\"><\/p> <ul><\/ul><\/div><form action=\"\/index.php\/wp-json\/wp\/v2\/pages\/392#wpcf7-f422-p422-o1\" method=\"post\" class=\"wpcf7-form init\" enctype=\"\" autocomplete=\"autocomplete\" novalidate=\"novalidate\" data-status=\"init\" locale=\"es_MX\"><div style=\"display: block;\"><input type=\"hidden\" name=\"_wpcf7\" value=\"422\" \/>\n<input type=\"hidden\" name=\"_wpcf7_version\" value=\"5.8\" \/>\n<input type=\"hidden\" name=\"_wpcf7_locale\" value=\"es_MX\" \/>\n<input type=\"hidden\" name=\"_wpcf7_unit_tag\" value=\"wpcf7-f422-p422-o1\" \/>\n<input type=\"hidden\" name=\"_wpcf7_posted_data_hash\" value=\"\" \/>\n<input type=\"hidden\" name=\"_wpcf7_fit-the-fullspace\" value=\"\" \/>\n<\/div><p><label> Tu nombre<br \/>\n<span class=\"wpcf7-form-control-wrap\" data-name=\"your-name\"><input size=\"40\" class=\"wpcf7-form-control wpcf7-text wpcf7-validates-as-required\" autocomplete=\"name\" aria-required=\"true\" aria-invalid=\"false\" value=\"\" type=\"text\" name=\"your-name\" \/><\/span> <\/label>\n<\/p>\n<p><label> Tu correo electr\u00f3nico<br \/>\n<span class=\"wpcf7-form-control-wrap\" data-name=\"your-email\"><input size=\"40\" class=\"wpcf7-form-control wpcf7-email wpcf7-validates-as-required wpcf7-text wpcf7-validates-as-email\" autocomplete=\"email\" aria-required=\"true\" aria-invalid=\"false\" value=\"\" type=\"email\" name=\"your-email\" \/><\/span> <\/label>\n<\/p>\n<p><label> Asunto<br \/>\n<span class=\"wpcf7-form-control-wrap\" data-name=\"your-subject\"><input size=\"40\" class=\"wpcf7-form-control wpcf7-text wpcf7-validates-as-required\" aria-required=\"true\" aria-invalid=\"false\" value=\"\" type=\"text\" name=\"your-subject\" \/><\/span> <\/label>\n<\/p>\n<p><label> Tu mensaje (opcional)<br \/>\n<span class=\"wpcf7-form-control-wrap\" data-name=\"your-message\"><textarea cols=\"40\" rows=\"10\" class=\"wpcf7-form-control wpcf7-textarea\" aria-invalid=\"false\" name=\"your-message\"><\/textarea><\/span> <\/label>\n<\/p>\n<p><input class=\"wpcf7-form-control wpcf7-submit has-spinner\" type=\"submit\" value=\"Enviar\" \/>\n<\/p><div class=\"wpcf7-response-output\" aria-hidden=\"true\"><\/div><\/form><\/div><\/div><\/div><\/div><\/div>\n<p class=\"has-text-align-center\">Contamos con una metodolog\u00eda de trabajo que nos permite aportar la mejor soluci\u00f3n posible a su problema.<\/p>\n\n\n\n<figure class=\"wp-block-image size-large\"><img decoding=\"async\" loading=\"lazy\" width=\"1024\" height=\"605\" src=\"https:\/\/ving.com.mx\/wp-content\/uploads\/2023\/08\/Servicios-de-Venta-1-1024x605.png\" alt=\"\" class=\"wp-image-393\" srcset=\"https:\/\/ving.com.mx\/wp-content\/uploads\/2023\/08\/Servicios-de-Venta-1-1024x605.png 1024w, https:\/\/ving.com.mx\/wp-content\/uploads\/2023\/08\/Servicios-de-Venta-1-300x177.png 300w, https:\/\/ving.com.mx\/wp-content\/uploads\/2023\/08\/Servicios-de-Venta-1-768x454.png 768w, https:\/\/ving.com.mx\/wp-content\/uploads\/2023\/08\/Servicios-de-Venta-1-1536x907.png 1536w, https:\/\/ving.com.mx\/wp-content\/uploads\/2023\/08\/Servicios-de-Venta-1-600x354.png 600w, https:\/\/ving.com.mx\/wp-content\/uploads\/2023\/08\/Servicios-de-Venta-1.png 1818w\" sizes=\"(max-width: 1024px) 100vw, 1024px\" \/><\/figure>\n","protected":false},"excerpt":{"rendered":"<p>Tu nombre Tu correo electr\u00f3nico Asunto Tu mensaje (opcional) Contamos con una metodolog\u00eda de trabajo que nos permite aportar la mejor soluci\u00f3n posible a su problema.<\/p>\n","protected":false},"author":1,"featured_media":0,"parent":153,"menu_order":0,"comment_status":"closed","ping_status":"closed","template":"","meta":[],"yoast_head":"<!-- This site is optimized with the Yoast SEO plugin v21.5 - https:\/\/yoast.com\/wordpress\/plugins\/seo\/ -->\n<title>SERVICIOS DE PRE-VENTA Y DE POST-VENTA - VING Innovaci\u00f3n<\/title>\n<meta name=\"robots\" content=\"index, follow, max-snippet:-1, max-image-preview:large, max-video-preview:-1\" \/>\n<link rel=\"canonical\" href=\"https:\/\/ving.com.mx\/index.php\/las-mejores-marcas-y-fabricantes\/servicios-de-pre-venta-y-de-post-venta\/\" \/>\n<meta property=\"og:locale\" content=\"es_MX\" \/>\n<meta property=\"og:type\" content=\"article\" \/>\n<meta property=\"og:title\" content=\"SERVICIOS DE PRE-VENTA Y DE POST-VENTA - VING Innovaci\u00f3n\" \/>\n<meta property=\"og:description\" content=\"Tu nombre Tu correo electr\u00f3nico Asunto Tu mensaje (opcional) Contamos con una metodolog\u00eda de trabajo que nos permite aportar la mejor soluci\u00f3n posible a su problema.\" \/>\n<meta property=\"og:url\" content=\"https:\/\/ving.com.mx\/index.php\/las-mejores-marcas-y-fabricantes\/servicios-de-pre-venta-y-de-post-venta\/\" \/>\n<meta property=\"og:site_name\" content=\"VING Innovaci\u00f3n\" \/>\n<meta property=\"article:modified_time\" content=\"2023-08-09T15:49:36+00:00\" \/>\n<meta property=\"og:image\" content=\"https:\/\/ving.com.mx\/wp-content\/uploads\/2023\/08\/Servicios-de-Venta-1-1024x605.png\" \/>\n<meta name=\"twitter:card\" content=\"summary_large_image\" \/>\n<script type=\"application\/ld+json\" class=\"yoast-schema-graph\">{\"@context\":\"https:\/\/schema.org\",\"@graph\":[{\"@type\":\"WebPage\",\"@id\":\"https:\/\/ving.com.mx\/index.php\/las-mejores-marcas-y-fabricantes\/servicios-de-pre-venta-y-de-post-venta\/\",\"url\":\"https:\/\/ving.com.mx\/index.php\/las-mejores-marcas-y-fabricantes\/servicios-de-pre-venta-y-de-post-venta\/\",\"name\":\"SERVICIOS DE PRE-VENTA Y DE POST-VENTA - VING Innovaci\u00f3n\",\"isPartOf\":{\"@id\":\"https:\/\/ving.com.mx\/#website\"},\"datePublished\":\"2023-08-07T20:40:51+00:00\",\"dateModified\":\"2023-08-09T15:49:36+00:00\",\"breadcrumb\":{\"@id\":\"https:\/\/ving.com.mx\/index.php\/las-mejores-marcas-y-fabricantes\/servicios-de-pre-venta-y-de-post-venta\/#breadcrumb\"},\"inLanguage\":\"es-MX\",\"potentialAction\":[{\"@type\":\"ReadAction\",\"target\":[\"https:\/\/ving.com.mx\/index.php\/las-mejores-marcas-y-fabricantes\/servicios-de-pre-venta-y-de-post-venta\/\"]}]},{\"@type\":\"BreadcrumbList\",\"@id\":\"https:\/\/ving.com.mx\/index.php\/las-mejores-marcas-y-fabricantes\/servicios-de-pre-venta-y-de-post-venta\/#breadcrumb\",\"itemListElement\":[{\"@type\":\"ListItem\",\"position\":1,\"name\":\"Inicio\",\"item\":\"https:\/\/ving.com.mx\/\"},{\"@type\":\"ListItem\",\"position\":2,\"name\":\"LAS MEJORES MARCAS Y FABRICANTES\",\"item\":\"https:\/\/ving.com.mx\/index.php\/las-mejores-marcas-y-fabricantes\/\"},{\"@type\":\"ListItem\",\"position\":3,\"name\":\"SERVICIOS DE PRE-VENTA Y DE POST-VENTA\"}]},{\"@type\":\"WebSite\",\"@id\":\"https:\/\/ving.com.mx\/#website\",\"url\":\"https:\/\/ving.com.mx\/\",\"name\":\"VING Innovaci\u00f3n\",\"description\":\"\",\"publisher\":{\"@id\":\"https:\/\/ving.com.mx\/#organization\"},\"potentialAction\":[{\"@type\":\"SearchAction\",\"target\":{\"@type\":\"EntryPoint\",\"urlTemplate\":\"https:\/\/ving.com.mx\/?s={search_term_string}\"},\"query-input\":\"required name=search_term_string\"}],\"inLanguage\":\"es-MX\"},{\"@type\":\"Organization\",\"@id\":\"https:\/\/ving.com.mx\/#organization\",\"name\":\"VING Innovaci\u00f3n\",\"url\":\"https:\/\/ving.com.mx\/\",\"logo\":{\"@type\":\"ImageObject\",\"inLanguage\":\"es-MX\",\"@id\":\"https:\/\/ving.com.mx\/#\/schema\/logo\/image\/\",\"url\":\"https:\/\/ving.com.mx\/wp-content\/uploads\/2023\/07\/cropped-VING-LOGO-BLANCO.jpg\",\"contentUrl\":\"https:\/\/ving.com.mx\/wp-content\/uploads\/2023\/07\/cropped-VING-LOGO-BLANCO.jpg\",\"width\":355,\"height\":185,\"caption\":\"VING Innovaci\u00f3n\"},\"image\":{\"@id\":\"https:\/\/ving.com.mx\/#\/schema\/logo\/image\/\"}}]}<\/script>\n<!-- \/ Yoast SEO plugin. -->","yoast_head_json":{"title":"SERVICIOS DE PRE-VENTA Y DE POST-VENTA - VING Innovaci\u00f3n","robots":{"index":"index","follow":"follow","max-snippet":"max-snippet:-1","max-image-preview":"max-image-preview:large","max-video-preview":"max-video-preview:-1"},"canonical":"https:\/\/ving.com.mx\/index.php\/las-mejores-marcas-y-fabricantes\/servicios-de-pre-venta-y-de-post-venta\/","og_locale":"es_MX","og_type":"article","og_title":"SERVICIOS DE PRE-VENTA Y DE POST-VENTA - VING Innovaci\u00f3n","og_description":"Tu nombre Tu correo electr\u00f3nico Asunto Tu mensaje (opcional) Contamos con una metodolog\u00eda de trabajo que nos permite aportar la mejor soluci\u00f3n posible a su problema.","og_url":"https:\/\/ving.com.mx\/index.php\/las-mejores-marcas-y-fabricantes\/servicios-de-pre-venta-y-de-post-venta\/","og_site_name":"VING Innovaci\u00f3n","article_modified_time":"2023-08-09T15:49:36+00:00","og_image":[{"url":"https:\/\/ving.com.mx\/wp-content\/uploads\/2023\/08\/Servicios-de-Venta-1-1024x605.png"}],"twitter_card":"summary_large_image","schema":{"@context":"https:\/\/schema.org","@graph":[{"@type":"WebPage","@id":"https:\/\/ving.com.mx\/index.php\/las-mejores-marcas-y-fabricantes\/servicios-de-pre-venta-y-de-post-venta\/","url":"https:\/\/ving.com.mx\/index.php\/las-mejores-marcas-y-fabricantes\/servicios-de-pre-venta-y-de-post-venta\/","name":"SERVICIOS DE PRE-VENTA Y DE POST-VENTA - VING Innovaci\u00f3n","isPartOf":{"@id":"https:\/\/ving.com.mx\/#website"},"datePublished":"2023-08-07T20:40:51+00:00","dateModified":"2023-08-09T15:49:36+00:00","breadcrumb":{"@id":"https:\/\/ving.com.mx\/index.php\/las-mejores-marcas-y-fabricantes\/servicios-de-pre-venta-y-de-post-venta\/#breadcrumb"},"inLanguage":"es-MX","potentialAction":[{"@type":"ReadAction","target":["https:\/\/ving.com.mx\/index.php\/las-mejores-marcas-y-fabricantes\/servicios-de-pre-venta-y-de-post-venta\/"]}]},{"@type":"BreadcrumbList","@id":"https:\/\/ving.com.mx\/index.php\/las-mejores-marcas-y-fabricantes\/servicios-de-pre-venta-y-de-post-venta\/#breadcrumb","itemListElement":[{"@type":"ListItem","position":1,"name":"Inicio","item":"https:\/\/ving.com.mx\/"},{"@type":"ListItem","position":2,"name":"LAS MEJORES MARCAS Y FABRICANTES","item":"https:\/\/ving.com.mx\/index.php\/las-mejores-marcas-y-fabricantes\/"},{"@type":"ListItem","position":3,"name":"SERVICIOS DE PRE-VENTA Y DE POST-VENTA"}]},{"@type":"WebSite","@id":"https:\/\/ving.com.mx\/#website","url":"https:\/\/ving.com.mx\/","name":"VING Innovaci\u00f3n","description":"","publisher":{"@id":"https:\/\/ving.com.mx\/#organization"},"potentialAction":[{"@type":"SearchAction","target":{"@type":"EntryPoint","urlTemplate":"https:\/\/ving.com.mx\/?s={search_term_string}"},"query-input":"required name=search_term_string"}],"inLanguage":"es-MX"},{"@type":"Organization","@id":"https:\/\/ving.com.mx\/#organization","name":"VING Innovaci\u00f3n","url":"https:\/\/ving.com.mx\/","logo":{"@type":"ImageObject","inLanguage":"es-MX","@id":"https:\/\/ving.com.mx\/#\/schema\/logo\/image\/","url":"https:\/\/ving.com.mx\/wp-content\/uploads\/2023\/07\/cropped-VING-LOGO-BLANCO.jpg","contentUrl":"https:\/\/ving.com.mx\/wp-content\/uploads\/2023\/07\/cropped-VING-LOGO-BLANCO.jpg","width":355,"height":185,"caption":"VING Innovaci\u00f3n"},"image":{"@id":"https:\/\/ving.com.mx\/#\/schema\/logo\/image\/"}}]}},"_links":{"self":[{"href":"https:\/\/ving.com.mx\/index.php\/wp-json\/wp\/v2\/pages\/392"}],"collection":[{"href":"https:\/\/ving.com.mx\/index.php\/wp-json\/wp\/v2\/pages"}],"about":[{"href":"https:\/\/ving.com.mx\/index.php\/wp-json\/wp\/v2\/types\/page"}],"author":[{"embeddable":true,"href":"https:\/\/ving.com.mx\/index.php\/wp-json\/wp\/v2\/users\/1"}],"replies":[{"embeddable":true,"href":"https:\/\/ving.com.mx\/index.php\/wp-json\/wp\/v2\/comments?post=392"}],"version-history":[{"count":2,"href":"https:\/\/ving.com.mx\/index.php\/wp-json\/wp\/v2\/pages\/392\/revisions"}],"predecessor-version":[{"id":413,"href":"https:\/\/ving.com.mx\/index.php\/wp-json\/wp\/v2\/pages\/392\/revisions\/413"}],"up":[{"embeddable":true,"href":"https:\/\/ving.com.mx\/index.php\/wp-json\/wp\/v2\/pages\/153"}],"wp:attachment":[{"href":"https:\/\/ving.com.mx\/index.php\/wp-json\/wp\/v2\/media?parent=392"}],"curies":[{"name":"wp","href":"https:\/\/api.w.org\/{rel}","templated":true}]}}