{"id":428,"date":"2023-08-14T17:52:59","date_gmt":"2023-08-14T17:52:59","guid":{"rendered":"https:\/\/ving.com.mx\/?page_id=428"},"modified":"2023-11-30T16:28:18","modified_gmt":"2023-11-30T16:28:18","slug":"contactenos","status":"publish","type":"page","link":"https:\/\/ving.com.mx\/index.php\/contactenos\/","title":{"rendered":"CONT\u00c1CTENOS"},"content":{"rendered":"<div role=\"form\" class=\"wpcf7\" id=\"wpcf7-f422-p422-o1\" lang=\"es-MX\" dir=\"ltr\"><div><div class=\"wpcf7-form\"><div class=\"fit-the-fullspace\"><div><div class=\"screen-reader-response\"><p role=\"status\" aria-live=\"polite\" aria-atomic=\"true\"><\/p> <ul><\/ul><\/div><form action=\"\/index.php\/wp-json\/wp\/v2\/pages\/428#wpcf7-f422-p422-o1\" method=\"post\" class=\"wpcf7-form init\" enctype=\"\" autocomplete=\"autocomplete\" novalidate=\"novalidate\" data-status=\"init\" locale=\"es_MX\"><div style=\"display: block;\"><input type=\"hidden\" name=\"_wpcf7\" value=\"422\" \/>\n<input type=\"hidden\" name=\"_wpcf7_version\" value=\"5.8\" \/>\n<input type=\"hidden\" name=\"_wpcf7_locale\" value=\"es_MX\" \/>\n<input type=\"hidden\" name=\"_wpcf7_unit_tag\" value=\"wpcf7-f422-p422-o1\" \/>\n<input type=\"hidden\" name=\"_wpcf7_posted_data_hash\" value=\"\" \/>\n<input type=\"hidden\" name=\"_wpcf7_fit-the-fullspace\" value=\"\" \/>\n<\/div><p><label> Tu nombre<br \/>\n<span class=\"wpcf7-form-control-wrap\" data-name=\"your-name\"><input size=\"40\" class=\"wpcf7-form-control wpcf7-text wpcf7-validates-as-required\" autocomplete=\"name\" aria-required=\"true\" aria-invalid=\"false\" value=\"\" type=\"text\" name=\"your-name\" \/><\/span> <\/label>\n<\/p>\n<p><label> Tu correo electr\u00f3nico<br \/>\n<span class=\"wpcf7-form-control-wrap\" data-name=\"your-email\"><input size=\"40\" class=\"wpcf7-form-control wpcf7-email wpcf7-validates-as-required wpcf7-text wpcf7-validates-as-email\" autocomplete=\"email\" aria-required=\"true\" aria-invalid=\"false\" value=\"\" type=\"email\" name=\"your-email\" \/><\/span> <\/label>\n<\/p>\n<p><label> Asunto<br \/>\n<span class=\"wpcf7-form-control-wrap\" data-name=\"your-subject\"><input size=\"40\" class=\"wpcf7-form-control wpcf7-text wpcf7-validates-as-required\" aria-required=\"true\" aria-invalid=\"false\" value=\"\" type=\"text\" name=\"your-subject\" \/><\/span> <\/label>\n<\/p>\n<p><label> Tu mensaje (opcional)<br \/>\n<span class=\"wpcf7-form-control-wrap\" data-name=\"your-message\"><textarea cols=\"40\" rows=\"10\" class=\"wpcf7-form-control wpcf7-textarea\" aria-invalid=\"false\" name=\"your-message\"><\/textarea><\/span> <\/label>\n<\/p>\n<p><input class=\"wpcf7-form-control wpcf7-submit has-spinner\" type=\"submit\" value=\"Enviar\" \/>\n<\/p><div class=\"wpcf7-response-output\" aria-hidden=\"true\"><\/div><\/form><\/div><\/div><\/div><\/div><\/div>\n<div class=\"wp-block-columns is-layout-flex wp-container-4\">\n<div class=\"wp-block-column is-layout-flow\" style=\"flex-basis:25%\"><\/div>\n\n\n\n<div class=\"wp-block-column is-layout-flow\" style=\"flex-basis:50%\">\n<style>iframe{height:revert-layer;}<\/style>\n<div style=\"min-height:100vh;\">\n<!-- SharpSpring Form for Contacto Web  -->\n<script type=\"text\/javascript\">\n    var ss_form = {'account': 'MzY0tDQ2MzAwAAA', 'formID': 'BcEJDQAwCAQwRZccP3pYwL-EtbI1tDuQWnB9gu4LJGnK7QnPDw'};\n    ss_form.width = '100%';\n    ss_form.domain = 'app-3S5WJCN5HW.marketingautomation.services';\n    \/\/ ss_form.hidden = {'field_id': 'value'}; \/\/ Modify this for sending hidden variables, or overriding values\n    \/\/ ss_form.target_id = 'target'; \/\/ Optional parameter: forms will be placed inside the element with the specified id\n    \/\/ ss_form.polling = true; \/\/ Optional parameter: set to true ONLY if your page loads dynamically and the id needs to be polled continually.\n<\/script>\n<script type=\"text\/javascript\" src=\"https:\/\/koi-3S5WJCN5HW.marketingautomation.services\/client\/form.js?ver=2.0.1\"><\/script>\n<\/div>\n<\/div>\n\n\n\n<div class=\"wp-block-column is-layout-flow\" style=\"flex-basis:25%\"><\/div>\n<\/div>\n","protected":false},"excerpt":{"rendered":"<p>Tu nombre Tu correo electr\u00f3nico Asunto Tu mensaje (opcional)<\/p>\n","protected":false},"author":1,"featured_media":0,"parent":0,"menu_order":0,"comment_status":"closed","ping_status":"closed","template":"","meta":[],"yoast_head":"<!-- This site is optimized with the Yoast SEO plugin v21.5 - https:\/\/yoast.com\/wordpress\/plugins\/seo\/ -->\n<title>CONT\u00c1CTENOS - VING Innovaci\u00f3n<\/title>\n<meta name=\"robots\" content=\"index, follow, max-snippet:-1, max-image-preview:large, max-video-preview:-1\" \/>\n<link rel=\"canonical\" href=\"https:\/\/ving.com.mx\/index.php\/contactenos\/\" \/>\n<meta property=\"og:locale\" content=\"es_MX\" \/>\n<meta property=\"og:type\" content=\"article\" \/>\n<meta property=\"og:title\" content=\"CONT\u00c1CTENOS - VING Innovaci\u00f3n\" \/>\n<meta property=\"og:description\" content=\"Tu nombre Tu correo electr\u00f3nico Asunto Tu mensaje (opcional)\" \/>\n<meta property=\"og:url\" content=\"https:\/\/ving.com.mx\/index.php\/contactenos\/\" \/>\n<meta property=\"og:site_name\" content=\"VING Innovaci\u00f3n\" \/>\n<meta property=\"article:modified_time\" content=\"2023-11-30T16:28:18+00:00\" \/>\n<meta name=\"twitter:card\" content=\"summary_large_image\" \/>\n<script type=\"application\/ld+json\" class=\"yoast-schema-graph\">{\"@context\":\"https:\/\/schema.org\",\"@graph\":[{\"@type\":\"WebPage\",\"@id\":\"https:\/\/ving.com.mx\/index.php\/contactenos\/\",\"url\":\"https:\/\/ving.com.mx\/index.php\/contactenos\/\",\"name\":\"CONT\u00c1CTENOS - VING Innovaci\u00f3n\",\"isPartOf\":{\"@id\":\"https:\/\/ving.com.mx\/#website\"},\"datePublished\":\"2023-08-14T17:52:59+00:00\",\"dateModified\":\"2023-11-30T16:28:18+00:00\",\"breadcrumb\":{\"@id\":\"https:\/\/ving.com.mx\/index.php\/contactenos\/#breadcrumb\"},\"inLanguage\":\"es-MX\",\"potentialAction\":[{\"@type\":\"ReadAction\",\"target\":[\"https:\/\/ving.com.mx\/index.php\/contactenos\/\"]}]},{\"@type\":\"BreadcrumbList\",\"@id\":\"https:\/\/ving.com.mx\/index.php\/contactenos\/#breadcrumb\",\"itemListElement\":[{\"@type\":\"ListItem\",\"position\":1,\"name\":\"Inicio\",\"item\":\"https:\/\/ving.com.mx\/\"},{\"@type\":\"ListItem\",\"position\":2,\"name\":\"CONT\u00c1CTENOS\"}]},{\"@type\":\"WebSite\",\"@id\":\"https:\/\/ving.com.mx\/#website\",\"url\":\"https:\/\/ving.com.mx\/\",\"name\":\"VING Innovaci\u00f3n\",\"description\":\"\",\"publisher\":{\"@id\":\"https:\/\/ving.com.mx\/#organization\"},\"potentialAction\":[{\"@type\":\"SearchAction\",\"target\":{\"@type\":\"EntryPoint\",\"urlTemplate\":\"https:\/\/ving.com.mx\/?s={search_term_string}\"},\"query-input\":\"required name=search_term_string\"}],\"inLanguage\":\"es-MX\"},{\"@type\":\"Organization\",\"@id\":\"https:\/\/ving.com.mx\/#organization\",\"name\":\"VING Innovaci\u00f3n\",\"url\":\"https:\/\/ving.com.mx\/\",\"logo\":{\"@type\":\"ImageObject\",\"inLanguage\":\"es-MX\",\"@id\":\"https:\/\/ving.com.mx\/#\/schema\/logo\/image\/\",\"url\":\"https:\/\/ving.com.mx\/wp-content\/uploads\/2023\/07\/cropped-VING-LOGO-BLANCO.jpg\",\"contentUrl\":\"https:\/\/ving.com.mx\/wp-content\/uploads\/2023\/07\/cropped-VING-LOGO-BLANCO.jpg\",\"width\":355,\"height\":185,\"caption\":\"VING Innovaci\u00f3n\"},\"image\":{\"@id\":\"https:\/\/ving.com.mx\/#\/schema\/logo\/image\/\"}}]}<\/script>\n<!-- \/ Yoast SEO plugin. -->","yoast_head_json":{"title":"CONT\u00c1CTENOS - VING Innovaci\u00f3n","robots":{"index":"index","follow":"follow","max-snippet":"max-snippet:-1","max-image-preview":"max-image-preview:large","max-video-preview":"max-video-preview:-1"},"canonical":"https:\/\/ving.com.mx\/index.php\/contactenos\/","og_locale":"es_MX","og_type":"article","og_title":"CONT\u00c1CTENOS - VING Innovaci\u00f3n","og_description":"Tu nombre Tu correo electr\u00f3nico Asunto Tu mensaje (opcional)","og_url":"https:\/\/ving.com.mx\/index.php\/contactenos\/","og_site_name":"VING Innovaci\u00f3n","article_modified_time":"2023-11-30T16:28:18+00:00","twitter_card":"summary_large_image","schema":{"@context":"https:\/\/schema.org","@graph":[{"@type":"WebPage","@id":"https:\/\/ving.com.mx\/index.php\/contactenos\/","url":"https:\/\/ving.com.mx\/index.php\/contactenos\/","name":"CONT\u00c1CTENOS - VING Innovaci\u00f3n","isPartOf":{"@id":"https:\/\/ving.com.mx\/#website"},"datePublished":"2023-08-14T17:52:59+00:00","dateModified":"2023-11-30T16:28:18+00:00","breadcrumb":{"@id":"https:\/\/ving.com.mx\/index.php\/contactenos\/#breadcrumb"},"inLanguage":"es-MX","potentialAction":[{"@type":"ReadAction","target":["https:\/\/ving.com.mx\/index.php\/contactenos\/"]}]},{"@type":"BreadcrumbList","@id":"https:\/\/ving.com.mx\/index.php\/contactenos\/#breadcrumb","itemListElement":[{"@type":"ListItem","position":1,"name":"Inicio","item":"https:\/\/ving.com.mx\/"},{"@type":"ListItem","position":2,"name":"CONT\u00c1CTENOS"}]},{"@type":"WebSite","@id":"https:\/\/ving.com.mx\/#website","url":"https:\/\/ving.com.mx\/","name":"VING Innovaci\u00f3n","description":"","publisher":{"@id":"https:\/\/ving.com.mx\/#organization"},"potentialAction":[{"@type":"SearchAction","target":{"@type":"EntryPoint","urlTemplate":"https:\/\/ving.com.mx\/?s={search_term_string}"},"query-input":"required name=search_term_string"}],"inLanguage":"es-MX"},{"@type":"Organization","@id":"https:\/\/ving.com.mx\/#organization","name":"VING Innovaci\u00f3n","url":"https:\/\/ving.com.mx\/","logo":{"@type":"ImageObject","inLanguage":"es-MX","@id":"https:\/\/ving.com.mx\/#\/schema\/logo\/image\/","url":"https:\/\/ving.com.mx\/wp-content\/uploads\/2023\/07\/cropped-VING-LOGO-BLANCO.jpg","contentUrl":"https:\/\/ving.com.mx\/wp-content\/uploads\/2023\/07\/cropped-VING-LOGO-BLANCO.jpg","width":355,"height":185,"caption":"VING Innovaci\u00f3n"},"image":{"@id":"https:\/\/ving.com.mx\/#\/schema\/logo\/image\/"}}]}},"_links":{"self":[{"href":"https:\/\/ving.com.mx\/index.php\/wp-json\/wp\/v2\/pages\/428"}],"collection":[{"href":"https:\/\/ving.com.mx\/index.php\/wp-json\/wp\/v2\/pages"}],"about":[{"href":"https:\/\/ving.com.mx\/index.php\/wp-json\/wp\/v2\/types\/page"}],"author":[{"embeddable":true,"href":"https:\/\/ving.com.mx\/index.php\/wp-json\/wp\/v2\/users\/1"}],"replies":[{"embeddable":true,"href":"https:\/\/ving.com.mx\/index.php\/wp-json\/wp\/v2\/comments?post=428"}],"version-history":[{"count":12,"href":"https:\/\/ving.com.mx\/index.php\/wp-json\/wp\/v2\/pages\/428\/revisions"}],"predecessor-version":[{"id":499,"href":"https:\/\/ving.com.mx\/index.php\/wp-json\/wp\/v2\/pages\/428\/revisions\/499"}],"wp:attachment":[{"href":"https:\/\/ving.com.mx\/index.php\/wp-json\/wp\/v2\/media?parent=428"}],"curies":[{"name":"wp","href":"https:\/\/api.w.org\/{rel}","templated":true}]}}