{"id":617,"date":"2024-01-12T09:52:16","date_gmt":"2024-01-12T09:52:16","guid":{"rendered":"https:\/\/ving.com.mx\/?page_id=617"},"modified":"2024-02-22T15:02:16","modified_gmt":"2024-02-22T15:02:16","slug":"recursos","status":"publish","type":"page","link":"https:\/\/ving.com.mx\/index.php\/recursos\/","title":{"rendered":"Recursos"},"content":{"rendered":"<div role=\"form\" class=\"wpcf7\" id=\"wpcf7-f422-p422-o1\" lang=\"es-MX\" dir=\"ltr\"><div><div class=\"wpcf7-form\"><div class=\"fit-the-fullspace\"><div><div class=\"screen-reader-response\"><p role=\"status\" aria-live=\"polite\" aria-atomic=\"true\"><\/p> <ul><\/ul><\/div><form action=\"\/index.php\/wp-json\/wp\/v2\/pages\/617#wpcf7-f422-p422-o1\" method=\"post\" class=\"wpcf7-form init\" enctype=\"\" autocomplete=\"autocomplete\" novalidate=\"novalidate\" data-status=\"init\" locale=\"es_MX\"><div style=\"display: block;\"><input type=\"hidden\" name=\"_wpcf7\" value=\"422\" \/>\n<input type=\"hidden\" name=\"_wpcf7_version\" value=\"5.8\" \/>\n<input type=\"hidden\" name=\"_wpcf7_locale\" value=\"es_MX\" \/>\n<input type=\"hidden\" name=\"_wpcf7_unit_tag\" value=\"wpcf7-f422-p422-o1\" \/>\n<input type=\"hidden\" name=\"_wpcf7_posted_data_hash\" value=\"\" \/>\n<input type=\"hidden\" name=\"_wpcf7_fit-the-fullspace\" value=\"\" \/>\n<\/div><p><label> Tu nombre<br \/>\n<span class=\"wpcf7-form-control-wrap\" data-name=\"your-name\"><input size=\"40\" class=\"wpcf7-form-control wpcf7-text wpcf7-validates-as-required\" autocomplete=\"name\" aria-required=\"true\" aria-invalid=\"false\" value=\"\" type=\"text\" name=\"your-name\" \/><\/span> <\/label>\n<\/p>\n<p><label> Tu correo electr\u00f3nico<br \/>\n<span class=\"wpcf7-form-control-wrap\" data-name=\"your-email\"><input size=\"40\" class=\"wpcf7-form-control wpcf7-email wpcf7-validates-as-required wpcf7-text wpcf7-validates-as-email\" autocomplete=\"email\" aria-required=\"true\" aria-invalid=\"false\" value=\"\" type=\"email\" name=\"your-email\" \/><\/span> <\/label>\n<\/p>\n<p><label> Asunto<br \/>\n<span class=\"wpcf7-form-control-wrap\" data-name=\"your-subject\"><input size=\"40\" class=\"wpcf7-form-control wpcf7-text wpcf7-validates-as-required\" aria-required=\"true\" aria-invalid=\"false\" value=\"\" type=\"text\" name=\"your-subject\" \/><\/span> <\/label>\n<\/p>\n<p><label> Tu mensaje (opcional)<br \/>\n<span class=\"wpcf7-form-control-wrap\" data-name=\"your-message\"><textarea cols=\"40\" rows=\"10\" class=\"wpcf7-form-control wpcf7-textarea\" aria-invalid=\"false\" name=\"your-message\"><\/textarea><\/span> <\/label>\n<\/p>\n<p><input class=\"wpcf7-form-control wpcf7-submit has-spinner\" type=\"submit\" value=\"Enviar\" \/>\n<\/p><div class=\"wpcf7-response-output\" aria-hidden=\"true\"><\/div><\/form><\/div><\/div><\/div><\/div><\/div>\n<h2 class=\"wp-block-heading\">Recursos de VING: Impulsando el \u00c9xito de tu Negocio<\/h2>\n\n\n\n<p>Descubre una amplia gama de recursos y herramientas de VING dise\u00f1ados para potenciar tu negocio. Desde soluciones tecnol\u00f3gicas innovadoras hasta asesoramiento experto, estamos aqu\u00ed para ayudarte a alcanzar tus metas empresariales de manera eficiente y efectiva.<\/p>\n\n\n\n<div class=\"wp-block-columns is-layout-flex wp-container-7\">\n<div class=\"wp-block-column is-layout-flow\">\n<figure class=\"wp-block-image size-full is-style-default\"><a href=\"https:\/\/ving.com.mx\/index.php\/ebooks\/ebook-eficiencia-energetica-en-calderas-de-vapor-para-la-industria-tequilera\/\" target=\"_blank\" rel=\"noreferrer noopener\"><img decoding=\"async\" loading=\"lazy\" width=\"622\" height=\"982\" src=\"http:\/\/ving.com.mx\/wp-content\/uploads\/2024\/01\/MOCKUP-EBOOK-EFICIENCIA-ENERGETICA-EN-CALDERAS-DE-VAPOR-PARA-LA-INDUSTRIA-TEQUILERA.png\" alt=\"\" class=\"wp-image-640\" srcset=\"https:\/\/ving.com.mx\/wp-content\/uploads\/2024\/01\/MOCKUP-EBOOK-EFICIENCIA-ENERGETICA-EN-CALDERAS-DE-VAPOR-PARA-LA-INDUSTRIA-TEQUILERA.png 622w, https:\/\/ving.com.mx\/wp-content\/uploads\/2024\/01\/MOCKUP-EBOOK-EFICIENCIA-ENERGETICA-EN-CALDERAS-DE-VAPOR-PARA-LA-INDUSTRIA-TEQUILERA-190x300.png 190w, https:\/\/ving.com.mx\/wp-content\/uploads\/2024\/01\/MOCKUP-EBOOK-EFICIENCIA-ENERGETICA-EN-CALDERAS-DE-VAPOR-PARA-LA-INDUSTRIA-TEQUILERA-600x947.png 600w\" sizes=\"(max-width: 622px) 100vw, 622px\" \/><\/a><\/figure>\n\n\n\n<h5 class=\"wp-block-heading\">Eficiencia Energ\u00e9tica en Calderas de Vapor para la Industria Tequilera<\/h5>\n\n\n\n<div class=\"wp-block-buttons is-layout-flex\">\n<div class=\"wp-block-button\"><a class=\"wp-block-button__link wp-element-button\" href=\"https:\/\/ving.com.mx\/index.php\/ebooks\/ebook-eficiencia-energetica-en-calderas-de-vapor-para-la-industria-tequilera\/\" target=\"_blank\" rel=\"noreferrer noopener\">ACCEDER AHORA<\/a><\/div>\n<\/div>\n<\/div>\n\n\n\n<div class=\"wp-block-column is-layout-flow\">\n<figure class=\"wp-block-image size-full\"><a href=\"https:\/\/tecnologiaparalaindustria.com\/videoguias\/optimiza-la-produccion-de-tequila-con-calderas-industriales-y-quemadores\/\" target=\"_blank\" rel=\"noreferrer noopener\"><img decoding=\"async\" loading=\"lazy\" width=\"625\" height=\"479\" src=\"http:\/\/ving.com.mx\/wp-content\/uploads\/2024\/01\/MOCKUP-TABLET-Optimiza-la-Produccion-de-Tequila-con-Calderas-Industriales-y-Quemadores.png\" alt=\"\" class=\"wp-image-648\" srcset=\"https:\/\/ving.com.mx\/wp-content\/uploads\/2024\/01\/MOCKUP-TABLET-Optimiza-la-Produccion-de-Tequila-con-Calderas-Industriales-y-Quemadores.png 625w, https:\/\/ving.com.mx\/wp-content\/uploads\/2024\/01\/MOCKUP-TABLET-Optimiza-la-Produccion-de-Tequila-con-Calderas-Industriales-y-Quemadores-300x230.png 300w, https:\/\/ving.com.mx\/wp-content\/uploads\/2024\/01\/MOCKUP-TABLET-Optimiza-la-Produccion-de-Tequila-con-Calderas-Industriales-y-Quemadores-600x460.png 600w\" sizes=\"(max-width: 625px) 100vw, 625px\" \/><\/a><\/figure>\n\n\n\n<h5 class=\"wp-block-heading\">Optimiza la Producci\u00f3n de Tequila con Calderas Industriales y Quemadores<\/h5>\n\n\n\n<div class=\"wp-block-buttons is-layout-flex\">\n<div class=\"wp-block-button\"><a class=\"wp-block-button__link wp-element-button\" href=\"https:\/\/tecnologiaparalaindustria.com\/videoguias\/optimiza-la-produccion-de-tequila-con-calderas-industriales-y-quemadores\/\" target=\"_blank\" rel=\"noreferrer noopener\">ACCEDER AHORA<\/a><\/div>\n<\/div>\n<\/div>\n\n\n\n<div class=\"wp-block-column is-layout-flow\">\n<figure class=\"wp-block-image size-full is-resized\"><img decoding=\"async\" src=\"https:\/\/ving.com.mx\/wp-content\/uploads\/2024\/01\/Soluciones-Innovadoras-en-Control-Industrial-y-Tecnologia.png\" alt=\"\" class=\"wp-image-618\" width=\"300\" srcset=\"https:\/\/ving.com.mx\/wp-content\/uploads\/2024\/01\/Soluciones-Innovadoras-en-Control-Industrial-y-Tecnologia.png 457w, https:\/\/ving.com.mx\/wp-content\/uploads\/2024\/01\/Soluciones-Innovadoras-en-Control-Industrial-y-Tecnologia-277x300.png 277w\" sizes=\"(max-width: 457px) 100vw, 457px\" \/><\/figure>\n\n\n\n<h5 class=\"wp-block-heading\">Soluciones Innovadoras en Control Industrial y Tecnolog\u00eda<\/h5>\n\n\n\n<div class=\"wp-block-buttons is-layout-flex\">\n<div class=\"wp-block-button\"><a class=\"wp-block-button__link wp-element-button\" href=\"https:\/\/ving.com.mx\/index.php\/soluciones-innovadoras-en-control-industrial-y-tecnologia\/\" target=\"_blank\" rel=\"noreferrer noopener\">ACCEDER AHORA<\/a><\/div>\n<\/div>\n<\/div>\n<\/div>\n","protected":false},"excerpt":{"rendered":"<p>Tu nombre Tu correo electr\u00f3nico Asunto Tu mensaje (opcional) Recursos de VING: Impulsando el \u00c9xito de tu Negocio Descubre una amplia gama de recursos y herramientas de VING dise\u00f1ados para potenciar tu negocio. Desde soluciones tecnol\u00f3gicas innovadoras hasta asesoramiento experto, estamos aqu\u00ed para ayudarte a alcanzar tus metas empresariales de manera eficiente y efectiva. Eficiencia [&hellip;]<\/p>\n","protected":false},"author":2,"featured_media":0,"parent":0,"menu_order":0,"comment_status":"closed","ping_status":"closed","template":"","meta":[],"yoast_head":"<!-- This site is optimized with the Yoast SEO plugin v21.5 - https:\/\/yoast.com\/wordpress\/plugins\/seo\/ -->\n<title>Recursos - VING Innovaci\u00f3n<\/title>\n<meta name=\"robots\" content=\"index, follow, max-snippet:-1, max-image-preview:large, max-video-preview:-1\" \/>\n<link rel=\"canonical\" href=\"https:\/\/ving.com.mx\/index.php\/recursos\/\" \/>\n<meta property=\"og:locale\" content=\"es_MX\" \/>\n<meta property=\"og:type\" content=\"article\" \/>\n<meta property=\"og:title\" content=\"Recursos - VING Innovaci\u00f3n\" \/>\n<meta property=\"og:description\" content=\"Tu nombre Tu correo electr\u00f3nico Asunto Tu mensaje (opcional) Recursos de VING: Impulsando el \u00c9xito de tu Negocio Descubre una amplia gama de recursos y herramientas de VING dise\u00f1ados para potenciar tu negocio. Desde soluciones tecnol\u00f3gicas innovadoras hasta asesoramiento experto, estamos aqu\u00ed para ayudarte a alcanzar tus metas empresariales de manera eficiente y efectiva. Eficiencia [&hellip;]\" \/>\n<meta property=\"og:url\" content=\"https:\/\/ving.com.mx\/index.php\/recursos\/\" \/>\n<meta property=\"og:site_name\" content=\"VING Innovaci\u00f3n\" \/>\n<meta property=\"article:modified_time\" content=\"2024-02-22T15:02:16+00:00\" \/>\n<meta property=\"og:image\" content=\"http:\/\/ving.com.mx\/wp-content\/uploads\/2024\/01\/MOCKUP-EBOOK-EFICIENCIA-ENERGETICA-EN-CALDERAS-DE-VAPOR-PARA-LA-INDUSTRIA-TEQUILERA.png\" \/>\n<meta name=\"twitter:card\" content=\"summary_large_image\" \/>\n<meta name=\"twitter:label1\" content=\"Tiempo de lectura\" \/>\n\t<meta name=\"twitter:data1\" content=\"1 minuto\" \/>\n<script type=\"application\/ld+json\" class=\"yoast-schema-graph\">{\"@context\":\"https:\/\/schema.org\",\"@graph\":[{\"@type\":\"WebPage\",\"@id\":\"https:\/\/ving.com.mx\/index.php\/recursos\/\",\"url\":\"https:\/\/ving.com.mx\/index.php\/recursos\/\",\"name\":\"Recursos - VING Innovaci\u00f3n\",\"isPartOf\":{\"@id\":\"https:\/\/ving.com.mx\/#website\"},\"datePublished\":\"2024-01-12T09:52:16+00:00\",\"dateModified\":\"2024-02-22T15:02:16+00:00\",\"breadcrumb\":{\"@id\":\"https:\/\/ving.com.mx\/index.php\/recursos\/#breadcrumb\"},\"inLanguage\":\"es-MX\",\"potentialAction\":[{\"@type\":\"ReadAction\",\"target\":[\"https:\/\/ving.com.mx\/index.php\/recursos\/\"]}]},{\"@type\":\"BreadcrumbList\",\"@id\":\"https:\/\/ving.com.mx\/index.php\/recursos\/#breadcrumb\",\"itemListElement\":[{\"@type\":\"ListItem\",\"position\":1,\"name\":\"Inicio\",\"item\":\"https:\/\/ving.com.mx\/\"},{\"@type\":\"ListItem\",\"position\":2,\"name\":\"Recursos\"}]},{\"@type\":\"WebSite\",\"@id\":\"https:\/\/ving.com.mx\/#website\",\"url\":\"https:\/\/ving.com.mx\/\",\"name\":\"VING Innovaci\u00f3n\",\"description\":\"\",\"publisher\":{\"@id\":\"https:\/\/ving.com.mx\/#organization\"},\"potentialAction\":[{\"@type\":\"SearchAction\",\"target\":{\"@type\":\"EntryPoint\",\"urlTemplate\":\"https:\/\/ving.com.mx\/?s={search_term_string}\"},\"query-input\":\"required name=search_term_string\"}],\"inLanguage\":\"es-MX\"},{\"@type\":\"Organization\",\"@id\":\"https:\/\/ving.com.mx\/#organization\",\"name\":\"VING Innovaci\u00f3n\",\"url\":\"https:\/\/ving.com.mx\/\",\"logo\":{\"@type\":\"ImageObject\",\"inLanguage\":\"es-MX\",\"@id\":\"https:\/\/ving.com.mx\/#\/schema\/logo\/image\/\",\"url\":\"https:\/\/ving.com.mx\/wp-content\/uploads\/2023\/07\/cropped-VING-LOGO-BLANCO.jpg\",\"contentUrl\":\"https:\/\/ving.com.mx\/wp-content\/uploads\/2023\/07\/cropped-VING-LOGO-BLANCO.jpg\",\"width\":355,\"height\":185,\"caption\":\"VING Innovaci\u00f3n\"},\"image\":{\"@id\":\"https:\/\/ving.com.mx\/#\/schema\/logo\/image\/\"}}]}<\/script>\n<!-- \/ Yoast SEO plugin. -->","yoast_head_json":{"title":"Recursos - VING Innovaci\u00f3n","robots":{"index":"index","follow":"follow","max-snippet":"max-snippet:-1","max-image-preview":"max-image-preview:large","max-video-preview":"max-video-preview:-1"},"canonical":"https:\/\/ving.com.mx\/index.php\/recursos\/","og_locale":"es_MX","og_type":"article","og_title":"Recursos - VING Innovaci\u00f3n","og_description":"Tu nombre Tu correo electr\u00f3nico Asunto Tu mensaje (opcional) Recursos de VING: Impulsando el \u00c9xito de tu Negocio Descubre una amplia gama de recursos y herramientas de VING dise\u00f1ados para potenciar tu negocio. Desde soluciones tecnol\u00f3gicas innovadoras hasta asesoramiento experto, estamos aqu\u00ed para ayudarte a alcanzar tus metas empresariales de manera eficiente y efectiva. Eficiencia [&hellip;]","og_url":"https:\/\/ving.com.mx\/index.php\/recursos\/","og_site_name":"VING Innovaci\u00f3n","article_modified_time":"2024-02-22T15:02:16+00:00","og_image":[{"url":"http:\/\/ving.com.mx\/wp-content\/uploads\/2024\/01\/MOCKUP-EBOOK-EFICIENCIA-ENERGETICA-EN-CALDERAS-DE-VAPOR-PARA-LA-INDUSTRIA-TEQUILERA.png"}],"twitter_card":"summary_large_image","twitter_misc":{"Tiempo de lectura":"1 minuto"},"schema":{"@context":"https:\/\/schema.org","@graph":[{"@type":"WebPage","@id":"https:\/\/ving.com.mx\/index.php\/recursos\/","url":"https:\/\/ving.com.mx\/index.php\/recursos\/","name":"Recursos - VING Innovaci\u00f3n","isPartOf":{"@id":"https:\/\/ving.com.mx\/#website"},"datePublished":"2024-01-12T09:52:16+00:00","dateModified":"2024-02-22T15:02:16+00:00","breadcrumb":{"@id":"https:\/\/ving.com.mx\/index.php\/recursos\/#breadcrumb"},"inLanguage":"es-MX","potentialAction":[{"@type":"ReadAction","target":["https:\/\/ving.com.mx\/index.php\/recursos\/"]}]},{"@type":"BreadcrumbList","@id":"https:\/\/ving.com.mx\/index.php\/recursos\/#breadcrumb","itemListElement":[{"@type":"ListItem","position":1,"name":"Inicio","item":"https:\/\/ving.com.mx\/"},{"@type":"ListItem","position":2,"name":"Recursos"}]},{"@type":"WebSite","@id":"https:\/\/ving.com.mx\/#website","url":"https:\/\/ving.com.mx\/","name":"VING Innovaci\u00f3n","description":"","publisher":{"@id":"https:\/\/ving.com.mx\/#organization"},"potentialAction":[{"@type":"SearchAction","target":{"@type":"EntryPoint","urlTemplate":"https:\/\/ving.com.mx\/?s={search_term_string}"},"query-input":"required name=search_term_string"}],"inLanguage":"es-MX"},{"@type":"Organization","@id":"https:\/\/ving.com.mx\/#organization","name":"VING Innovaci\u00f3n","url":"https:\/\/ving.com.mx\/","logo":{"@type":"ImageObject","inLanguage":"es-MX","@id":"https:\/\/ving.com.mx\/#\/schema\/logo\/image\/","url":"https:\/\/ving.com.mx\/wp-content\/uploads\/2023\/07\/cropped-VING-LOGO-BLANCO.jpg","contentUrl":"https:\/\/ving.com.mx\/wp-content\/uploads\/2023\/07\/cropped-VING-LOGO-BLANCO.jpg","width":355,"height":185,"caption":"VING Innovaci\u00f3n"},"image":{"@id":"https:\/\/ving.com.mx\/#\/schema\/logo\/image\/"}}]}},"_links":{"self":[{"href":"https:\/\/ving.com.mx\/index.php\/wp-json\/wp\/v2\/pages\/617"}],"collection":[{"href":"https:\/\/ving.com.mx\/index.php\/wp-json\/wp\/v2\/pages"}],"about":[{"href":"https:\/\/ving.com.mx\/index.php\/wp-json\/wp\/v2\/types\/page"}],"author":[{"embeddable":true,"href":"https:\/\/ving.com.mx\/index.php\/wp-json\/wp\/v2\/users\/2"}],"replies":[{"embeddable":true,"href":"https:\/\/ving.com.mx\/index.php\/wp-json\/wp\/v2\/comments?post=617"}],"version-history":[{"count":6,"href":"https:\/\/ving.com.mx\/index.php\/wp-json\/wp\/v2\/pages\/617\/revisions"}],"predecessor-version":[{"id":703,"href":"https:\/\/ving.com.mx\/index.php\/wp-json\/wp\/v2\/pages\/617\/revisions\/703"}],"wp:attachment":[{"href":"https:\/\/ving.com.mx\/index.php\/wp-json\/wp\/v2\/media?parent=617"}],"curies":[{"name":"wp","href":"https:\/\/api.w.org\/{rel}","templated":true}]}}